{"id":4602,"date":"2024-06-25T13:28:16","date_gmt":"2024-06-25T13:28:16","guid":{"rendered":"https:\/\/closeventures.ch\/servicios\/otros-servicios-de-fusiones-y-adquisiciones-ma\/"},"modified":"2024-09-17T07:04:47","modified_gmt":"2024-09-17T07:04:47","slug":"otros-servicios-de-fusiones-y-adquisiciones-ma","status":"publish","type":"page","link":"https:\/\/ventures.close.ltd\/es\/servicios\/otros-servicios-de-fusiones-y-adquisiciones-ma\/","title":{"rendered":"Otros Servicios de Fusiones y Adquisiciones (M&amp;A)"},"content":{"rendered":"\t\t<div data-elementor-type=\"wp-page\" data-elementor-id=\"4602\" class=\"elementor elementor-4602 elementor-1422\" data-elementor-settings=\"{&quot;element_pack_global_tooltip_width&quot;:{&quot;unit&quot;:&quot;px&quot;,&quot;size&quot;:&quot;&quot;,&quot;sizes&quot;:[]},&quot;element_pack_global_tooltip_width_tablet&quot;:{&quot;unit&quot;:&quot;px&quot;,&quot;size&quot;:&quot;&quot;,&quot;sizes&quot;:[]},&quot;element_pack_global_tooltip_width_mobile&quot;:{&quot;unit&quot;:&quot;px&quot;,&quot;size&quot;:&quot;&quot;,&quot;sizes&quot;:[]},&quot;element_pack_global_tooltip_padding&quot;:{&quot;unit&quot;:&quot;px&quot;,&quot;top&quot;:&quot;&quot;,&quot;right&quot;:&quot;&quot;,&quot;bottom&quot;:&quot;&quot;,&quot;left&quot;:&quot;&quot;,&quot;isLinked&quot;:true},&quot;element_pack_global_tooltip_padding_tablet&quot;:{&quot;unit&quot;:&quot;px&quot;,&quot;top&quot;:&quot;&quot;,&quot;right&quot;:&quot;&quot;,&quot;bottom&quot;:&quot;&quot;,&quot;left&quot;:&quot;&quot;,&quot;isLinked&quot;:true},&quot;element_pack_global_tooltip_padding_mobile&quot;:{&quot;unit&quot;:&quot;px&quot;,&quot;top&quot;:&quot;&quot;,&quot;right&quot;:&quot;&quot;,&quot;bottom&quot;:&quot;&quot;,&quot;left&quot;:&quot;&quot;,&quot;isLinked&quot;:true},&quot;element_pack_global_tooltip_border_radius&quot;:{&quot;unit&quot;:&quot;px&quot;,&quot;top&quot;:&quot;&quot;,&quot;right&quot;:&quot;&quot;,&quot;bottom&quot;:&quot;&quot;,&quot;left&quot;:&quot;&quot;,&quot;isLinked&quot;:true},&quot;element_pack_global_tooltip_border_radius_tablet&quot;:{&quot;unit&quot;:&quot;px&quot;,&quot;top&quot;:&quot;&quot;,&quot;right&quot;:&quot;&quot;,&quot;bottom&quot;:&quot;&quot;,&quot;left&quot;:&quot;&quot;,&quot;isLinked&quot;:true},&quot;element_pack_global_tooltip_border_radius_mobile&quot;:{&quot;unit&quot;:&quot;px&quot;,&quot;top&quot;:&quot;&quot;,&quot;right&quot;:&quot;&quot;,&quot;bottom&quot;:&quot;&quot;,&quot;left&quot;:&quot;&quot;,&quot;isLinked&quot;:true}}\">\n\t\t\t\t<div class=\"elementor-element elementor-element-e8bb213 e-con-full e-flex e-con e-parent\" data-id=\"e8bb213\" data-element_type=\"container\" data-e-type=\"container\" data-settings=\"{&quot;background_background&quot;:&quot;classic&quot;}\">\n\t\t<div class=\"elementor-element elementor-element-c2715ce e-con-full e-flex e-con e-child\" data-id=\"c2715ce\" data-element_type=\"container\" data-e-type=\"container\" data-settings=\"{&quot;background_background&quot;:&quot;classic&quot;}\">\n\t\t\t\t<div class=\"elementor-element elementor-element-9763577 elementor-widget__width-initial elementor-widget-tablet__width-initial elementor-widget-mobile__width-initial elementor-absolute elementor-hidden-mobile elementor-invisible elementor-widget elementor-widget-spacer\" data-id=\"9763577\" data-element_type=\"widget\" data-e-type=\"widget\" data-settings=\"{&quot;_position&quot;:&quot;absolute&quot;,&quot;_animation&quot;:&quot;fadeInLeft&quot;}\" data-widget_type=\"spacer.default\">\n\t\t\t\t<div class=\"elementor-widget-container\">\n\t\t\t\t\t\t\t<div class=\"elementor-spacer\">\n\t\t\t<div class=\"elementor-spacer-inner\"><\/div>\n\t\t<\/div>\n\t\t\t\t\t\t<\/div>\n\t\t\t\t<\/div>\n\t\t\t\t<div class=\"elementor-element elementor-element-b3f82fc elementor-widget__width-initial elementor-widget-tablet__width-initial elementor-widget-mobile__width-initial elementor-absolute elementor-hidden-mobile elementor-invisible elementor-widget elementor-widget-spacer\" data-id=\"b3f82fc\" data-element_type=\"widget\" data-e-type=\"widget\" data-settings=\"{&quot;_position&quot;:&quot;absolute&quot;,&quot;_animation&quot;:&quot;fadeInRight&quot;}\" data-widget_type=\"spacer.default\">\n\t\t\t\t<div class=\"elementor-widget-container\">\n\t\t\t\t\t\t\t<div class=\"elementor-spacer\">\n\t\t\t<div class=\"elementor-spacer-inner\"><\/div>\n\t\t<\/div>\n\t\t\t\t\t\t<\/div>\n\t\t\t\t<\/div>\n\t\t\t\t<div class=\"elementor-element elementor-element-c9556bd elementor-widget__width-initial elementor-widget-tablet__width-initial elementor-widget-mobile__width-initial elementor-absolute elementor-hidden-mobile elementor-invisible elementor-widget elementor-widget-spacer\" data-id=\"c9556bd\" data-element_type=\"widget\" data-e-type=\"widget\" data-settings=\"{&quot;_position&quot;:&quot;absolute&quot;,&quot;_animation&quot;:&quot;fadeInRight&quot;}\" data-widget_type=\"spacer.default\">\n\t\t\t\t<div class=\"elementor-widget-container\">\n\t\t\t\t\t\t\t<div class=\"elementor-spacer\">\n\t\t\t<div class=\"elementor-spacer-inner\"><\/div>\n\t\t<\/div>\n\t\t\t\t\t\t<\/div>\n\t\t\t\t<\/div>\n\t\t\t\t<div class=\"elementor-element elementor-element-d6ef075 elementor-widget__width-initial elementor-widget-tablet__width-initial elementor-widget-mobile__width-initial elementor-absolute elementor-hidden-mobile elementor-invisible elementor-widget elementor-widget-spacer\" data-id=\"d6ef075\" data-element_type=\"widget\" data-e-type=\"widget\" data-settings=\"{&quot;_position&quot;:&quot;absolute&quot;,&quot;_animation&quot;:&quot;fadeInLeft&quot;}\" data-widget_type=\"spacer.default\">\n\t\t\t\t<div class=\"elementor-widget-container\">\n\t\t\t\t\t\t\t<div class=\"elementor-spacer\">\n\t\t\t<div class=\"elementor-spacer-inner\"><\/div>\n\t\t<\/div>\n\t\t\t\t\t\t<\/div>\n\t\t\t\t<\/div>\n\t\t\t\t<div class=\"elementor-element elementor-element-b22f4bd elementor-invisible elementor-widget elementor-widget-heading\" data-id=\"b22f4bd\" data-element_type=\"widget\" data-e-type=\"widget\" data-settings=\"{&quot;_animation&quot;:&quot;fadeInDown&quot;}\" data-widget_type=\"heading.default\">\n\t\t\t\t<div class=\"elementor-widget-container\">\n\t\t\t\t\t<h5 class=\"elementor-heading-title elementor-size-default\">Fusiones y Adquisiciones (M&amp;A)<\/h5>\t\t\t\t<\/div>\n\t\t\t\t<\/div>\n\t\t\t\t<div class=\"elementor-element elementor-element-bb782fc elementor-widget__width-initial elementor-widget-tablet__width-initial elementor-widget-mobile__width-inherit elementor-invisible elementor-widget elementor-widget-heading\" data-id=\"bb782fc\" data-element_type=\"widget\" data-e-type=\"widget\" data-settings=\"{&quot;_animation&quot;:&quot;fadeInDown&quot;,&quot;_animation_delay&quot;:200}\" data-widget_type=\"heading.default\">\n\t\t\t\t<div class=\"elementor-widget-container\">\n\t\t\t\t\t<h2 class=\"elementor-heading-title elementor-size-default\">Parte Adquirente<\/h2>\t\t\t\t<\/div>\n\t\t\t\t<\/div>\n\t\t\t\t<div class=\"elementor-element elementor-element-1b91151 elementor-widget elementor-widget-spacer\" data-id=\"1b91151\" data-element_type=\"widget\" data-e-type=\"widget\" data-widget_type=\"spacer.default\">\n\t\t\t\t<div class=\"elementor-widget-container\">\n\t\t\t\t\t\t\t<div class=\"elementor-spacer\">\n\t\t\t<div class=\"elementor-spacer-inner\"><\/div>\n\t\t<\/div>\n\t\t\t\t\t\t<\/div>\n\t\t\t\t<\/div>\n\t\t<div class=\"elementor-element elementor-element-48a47d6 e-con-full e-flex elementor-invisible e-con e-child\" data-id=\"48a47d6\" data-element_type=\"container\" data-e-type=\"container\" data-settings=\"{&quot;background_background&quot;:&quot;classic&quot;,&quot;animation&quot;:&quot;fadeInUp&quot;,&quot;animation_delay&quot;:200}\">\n\t\t\t\t<div class=\"elementor-element elementor-element-263d2ef elementor-widget elementor-widget-text-editor\" data-id=\"263d2ef\" data-element_type=\"widget\" data-e-type=\"widget\" data-widget_type=\"text-editor.default\">\n\t\t\t\t<div class=\"elementor-widget-container\">\n\t\t\t\t\t\t\t\t\t<p><span style=\"font-weight: 400;\">En CLOSE, nos especializamos en proporcionar servicios integrales de Fusiones y Adquisiciones (M&amp;A) a empresas que buscan expandir su presencia en el mercado a trav\u00e9s de adquisiciones estrat\u00e9gicas. Nuestro equipo dedicado de expertos est\u00e1 comprometido a guiarlo en cada paso del proceso de adquisici\u00f3n, asegurando transacciones sin problemas y maximizando el valor. <\/span><\/p>\t\t\t\t\t\t\t\t<\/div>\n\t\t\t\t<\/div>\n\t\t\t\t<div class=\"elementor-element elementor-element-6263ffd elementor-align-center elementor-widget elementor-widget-button\" data-id=\"6263ffd\" data-element_type=\"widget\" data-e-type=\"widget\" data-widget_type=\"button.default\">\n\t\t\t\t<div class=\"elementor-widget-container\">\n\t\t\t\t\t\t\t\t\t<div class=\"elementor-button-wrapper\">\n\t\t\t\t\t<a class=\"elementor-button elementor-button-link elementor-size-sm\" href=\"https:\/\/ventures.close.ltd\/es\/contacto\/\">\n\t\t\t\t\t\t<span class=\"elementor-button-content-wrapper\">\n\t\t\t\t\t\t\t\t\t<span class=\"elementor-button-text\">Cont\u00e1ctanos<\/span>\n\t\t\t\t\t<\/span>\n\t\t\t\t\t<\/a>\n\t\t\t\t<\/div>\n\t\t\t\t\t\t\t\t<\/div>\n\t\t\t\t<\/div>\n\t\t\t\t<\/div>\n\t\t\t\t<\/div>\n\t\t\t\t<\/div>\n\t\t<div class=\"elementor-element elementor-element-4877805 e-flex e-con-boxed e-con e-parent\" data-id=\"4877805\" data-element_type=\"container\" data-e-type=\"container\" data-settings=\"{&quot;background_background&quot;:&quot;gradient&quot;}\">\n\t\t\t\t\t<div class=\"e-con-inner\">\n\t\t\t\t<div class=\"elementor-element elementor-element-9db17db elementor-invisible elementor-widget elementor-widget-heading\" data-id=\"9db17db\" data-element_type=\"widget\" data-e-type=\"widget\" data-settings=\"{&quot;_animation&quot;:&quot;fadeInUp&quot;}\" data-widget_type=\"heading.default\">\n\t\t\t\t<div class=\"elementor-widget-container\">\n\t\t\t\t\t<h5 class=\"elementor-heading-title elementor-size-default\">Impulsa tu Crecimiento<\/h5>\t\t\t\t<\/div>\n\t\t\t\t<\/div>\n\t\t\t\t<div class=\"elementor-element elementor-element-3454154 elementor-invisible elementor-widget elementor-widget-heading\" data-id=\"3454154\" data-element_type=\"widget\" data-e-type=\"widget\" data-settings=\"{&quot;_animation&quot;:&quot;fadeInUp&quot;,&quot;_animation_delay&quot;:200}\" data-widget_type=\"heading.default\">\n\t\t\t\t<div class=\"elementor-widget-container\">\n\t\t\t\t\t<h2 class=\"elementor-heading-title elementor-size-default\">Men\u00fa de Servicios en M&amp;A<\/h2>\t\t\t\t<\/div>\n\t\t\t\t<\/div>\n\t\t<div class=\"elementor-element elementor-element-091ac33 e-flex e-con-boxed e-con e-child\" data-id=\"091ac33\" data-element_type=\"container\" data-e-type=\"container\">\n\t\t\t\t\t<div class=\"e-con-inner\">\n\t\t\t\t<div class=\"elementor-element elementor-element-e844008 elementor-position-left elementor-vertical-align-middle elementor-widget__width-initial bdt-icon-type-image elementor-widget-tablet__width-inherit bdt-icon-effect-none elementor-invisible elementor-widget elementor-widget-bdt-advanced-icon-box\" data-id=\"e844008\" data-element_type=\"widget\" data-e-type=\"widget\" data-settings=\"{&quot;_animation&quot;:&quot;fadeInLeft&quot;}\" data-widget_type=\"bdt-advanced-icon-box.default\">\n\t\t\t\t<div class=\"elementor-widget-container\">\n\t\t\t\t\t\t\t<div class=\"bdt-ep-advanced-icon-box\">\n\n\t\t\t\t\t\t\t\n\t\t\t\t\t<div class=\"bdt-ep-advanced-icon-box-icon\">\n\t\t\t\t<span class=\"bdt-ep-advanced-icon-box-icon-wrap\">\n\n\n\t\t\t\t\t<img fetchpriority=\"high\" decoding=\"async\" width=\"512\" height=\"512\" src=\"https:\/\/ventures.close.ltd\/wp-content\/uploads\/sites\/2\/2024\/07\/buildings.svg\" class=\"attachment-full size-full\" alt=\"Identificaci\u00f3n de empresas objetivo potenciales\" srcset=\"https:\/\/ventures.close.ltd\/wp-content\/uploads\/sites\/2\/\/2024\/07\/buildings.svg 150w, https:\/\/ventures.close.ltd\/wp-content\/uploads\/sites\/2\/\/2024\/07\/buildings.svg 300w, https:\/\/ventures.close.ltd\/wp-content\/uploads\/sites\/2\/\/2024\/07\/buildings.svg 1024w, https:\/\/ventures.close.ltd\/wp-content\/uploads\/sites\/2\/\/2024\/07\/buildings.svg 512w\" sizes=\"(max-width: 512px) 100vw, 512px\" title=\"\">\t\t\t\t<\/span>\n\t\t\t<\/div>\n\t\t\n\t\t\t\t\n\t\t\t<div class=\"bdt-ep-advanced-icon-box-content\">\n\n\t\t\t\t\t\t\t\t\t\n\t\t\t\t\t<h4 class=\"bdt-ep-advanced-icon-box-title ep-title-\">\n\t\t\t\t<span >\n\t\t\t\t\tIdentificaci\u00f3n de empresas objetivo potenciales\t\t\t\t<\/span>\n\t\t\t<\/h4>\n\t\t\n\n\t\t\n\t\t\t\t\t\n\t\t\t\t\n\t\t\t\t\t\t\t\t\t<div class=\"bdt-ep-advanced-icon-box-description\">\n\t\t\t\t\t\t<p>Asistimos en la identificaci\u00f3n de objetivos de adquisici\u00f3n que se alineen con sus objetivos comerciales y estrategias de crecimiento.\nNuestros servicios de asesor\u00eda aseguran que tome decisiones informadas basadas en un an\u00e1lisis exhaustivo del mercado y conocimientos de la industria. <\/p>\t\t\t\t\t<\/div>\n\t\t\t\t\n\t\t\t\t\t\t\t<\/div>\n\t\t<\/div>\n\n\t\t\n\t\t\n\t\t\t\t<\/div>\n\t\t\t\t<\/div>\n\t\t\t\t<div class=\"elementor-element elementor-element-a7755af elementor-position-left elementor-vertical-align-middle elementor-widget__width-initial bdt-icon-type-image elementor-widget-tablet__width-inherit bdt-icon-effect-none elementor-invisible elementor-widget elementor-widget-bdt-advanced-icon-box\" data-id=\"a7755af\" data-element_type=\"widget\" data-e-type=\"widget\" data-settings=\"{&quot;_animation&quot;:&quot;fadeInRight&quot;}\" data-widget_type=\"bdt-advanced-icon-box.default\">\n\t\t\t\t<div class=\"elementor-widget-container\">\n\t\t\t\t\t\t\t<div class=\"bdt-ep-advanced-icon-box\">\n\n\t\t\t\t\t\t\t\n\t\t\t\t\t<div class=\"bdt-ep-advanced-icon-box-icon\">\n\t\t\t\t<span class=\"bdt-ep-advanced-icon-box-icon-wrap\">\n\n\n\t\t\t\t\t<img decoding=\"async\" width=\"512\" height=\"512\" src=\"https:\/\/ventures.close.ltd\/wp-content\/uploads\/sites\/2\/2024\/07\/valuation.svg\" class=\"attachment-full size-full\" alt=\"Valoraci\u00f3n\" srcset=\"https:\/\/ventures.close.ltd\/wp-content\/uploads\/sites\/2\/\/2024\/07\/valuation.svg 150w, https:\/\/ventures.close.ltd\/wp-content\/uploads\/sites\/2\/\/2024\/07\/valuation.svg 300w, https:\/\/ventures.close.ltd\/wp-content\/uploads\/sites\/2\/\/2024\/07\/valuation.svg 1024w, https:\/\/ventures.close.ltd\/wp-content\/uploads\/sites\/2\/\/2024\/07\/valuation.svg 512w\" sizes=\"(max-width: 512px) 100vw, 512px\" title=\"\">\t\t\t\t<\/span>\n\t\t\t<\/div>\n\t\t\n\t\t\t\t\n\t\t\t<div class=\"bdt-ep-advanced-icon-box-content\">\n\n\t\t\t\t\t\t\t\t\t\n\t\t\t\t\t<h4 class=\"bdt-ep-advanced-icon-box-title ep-title-\">\n\t\t\t\t<span >\n\t\t\t\t\tValoraci\u00f3n\t\t\t\t<\/span>\n\t\t\t<\/h4>\n\t\t\n\n\t\t\n\t\t\t\t\t\n\t\t\t\t\n\t\t\t\t\t\t\t\t\t<div class=\"bdt-ep-advanced-icon-box-description\">\n\t\t\t\t\t\t<p>Realizamos valoraciones precisas para determinar el valor de mercado justo de la empresa objetivo.\nNuestros modelos le ayudan a comprender el impacto financiero de la adquisici\u00f3n y a tomar decisiones basadas en datos. <\/p>\t\t\t\t\t<\/div>\n\t\t\t\t\n\t\t\t\t\t\t\t<\/div>\n\t\t<\/div>\n\n\t\t\n\t\t\n\t\t\t\t<\/div>\n\t\t\t\t<\/div>\n\t\t\t\t<div class=\"elementor-element elementor-element-5e333a2 elementor-position-left elementor-vertical-align-middle elementor-widget__width-initial bdt-icon-type-image elementor-widget-tablet__width-inherit bdt-icon-effect-none elementor-invisible elementor-widget elementor-widget-bdt-advanced-icon-box\" data-id=\"5e333a2\" data-element_type=\"widget\" data-e-type=\"widget\" data-settings=\"{&quot;_animation&quot;:&quot;fadeInLeft&quot;,&quot;_animation_delay&quot;:200}\" data-widget_type=\"bdt-advanced-icon-box.default\">\n\t\t\t\t<div class=\"elementor-widget-container\">\n\t\t\t\t\t\t\t<div class=\"bdt-ep-advanced-icon-box\">\n\n\t\t\t\t\t\t\t\n\t\t\t\t\t<div class=\"bdt-ep-advanced-icon-box-icon\">\n\t\t\t\t<span class=\"bdt-ep-advanced-icon-box-icon-wrap\">\n\n\n\t\t\t\t\t<img decoding=\"async\" width=\"512\" height=\"512\" src=\"https:\/\/ventures.close.ltd\/wp-content\/uploads\/sites\/2\/2024\/07\/search.svg\" class=\"attachment-full size-full\" alt=\"Debida Diligencia\" srcset=\"https:\/\/ventures.close.ltd\/wp-content\/uploads\/sites\/2\/\/2024\/07\/search.svg 150w, https:\/\/ventures.close.ltd\/wp-content\/uploads\/sites\/2\/\/2024\/07\/search.svg 300w, https:\/\/ventures.close.ltd\/wp-content\/uploads\/sites\/2\/\/2024\/07\/search.svg 1024w, https:\/\/ventures.close.ltd\/wp-content\/uploads\/sites\/2\/\/2024\/07\/search.svg 512w\" sizes=\"(max-width: 512px) 100vw, 512px\" title=\"\">\t\t\t\t<\/span>\n\t\t\t<\/div>\n\t\t\n\t\t\t\t\n\t\t\t<div class=\"bdt-ep-advanced-icon-box-content\">\n\n\t\t\t\t\t\t\t\t\t\n\t\t\t\t\t<h4 class=\"bdt-ep-advanced-icon-box-title ep-title-\">\n\t\t\t\t<span >\n\t\t\t\t\tDebida Diligencia\t\t\t\t<\/span>\n\t\t\t<\/h4>\n\t\t\n\n\t\t\n\t\t\t\t\t\n\t\t\t\t\n\t\t\t\t\t\t\t\t\t<div class=\"bdt-ep-advanced-icon-box-description\">\n\t\t\t\t\t\t<p><span style=\"font-weight: 400;\">Nuestro meticuloso proceso de debida diligencia implica una evaluaci\u00f3n integral de las finanzas, operaciones y situaci\u00f3n legal de la empresa objetivo.\nLe ayudamos a descubrir riesgos y oportunidades potenciales, proporcionando una imagen clara del verdadero valor del objetivo. <\/span><\/p>\t\t\t\t\t<\/div>\n\t\t\t\t\n\t\t\t\t\t\t\t<\/div>\n\t\t<\/div>\n\n\t\t\n\t\t\n\t\t\t\t<\/div>\n\t\t\t\t<\/div>\n\t\t\t\t<div class=\"elementor-element elementor-element-6899471 elementor-position-left elementor-vertical-align-middle elementor-widget__width-initial bdt-icon-type-image elementor-widget-tablet__width-inherit bdt-icon-effect-none elementor-invisible elementor-widget elementor-widget-bdt-advanced-icon-box\" data-id=\"6899471\" data-element_type=\"widget\" data-e-type=\"widget\" data-settings=\"{&quot;_animation&quot;:&quot;fadeInRight&quot;,&quot;_animation_delay&quot;:200}\" data-widget_type=\"bdt-advanced-icon-box.default\">\n\t\t\t\t<div class=\"elementor-widget-container\">\n\t\t\t\t\t\t\t<div class=\"bdt-ep-advanced-icon-box\">\n\n\t\t\t\t\t\t\t\n\t\t\t\t\t<div class=\"bdt-ep-advanced-icon-box-icon\">\n\t\t\t\t<span class=\"bdt-ep-advanced-icon-box-icon-wrap\">\n\n\n\t\t\t\t\t<img loading=\"lazy\" decoding=\"async\" width=\"512\" height=\"512\" src=\"https:\/\/ventures.close.ltd\/wp-content\/uploads\/sites\/2\/2024\/07\/agreement.svg\" class=\"attachment-full size-full\" alt=\"Negociaci\u00f3n y Estructuraci\u00f3n de Acuerdos\" srcset=\"https:\/\/ventures.close.ltd\/wp-content\/uploads\/sites\/2\/\/2024\/07\/agreement.svg 150w, https:\/\/ventures.close.ltd\/wp-content\/uploads\/sites\/2\/\/2024\/07\/agreement.svg 300w, https:\/\/ventures.close.ltd\/wp-content\/uploads\/sites\/2\/\/2024\/07\/agreement.svg 1024w, https:\/\/ventures.close.ltd\/wp-content\/uploads\/sites\/2\/\/2024\/07\/agreement.svg 512w\" sizes=\"(max-width: 512px) 100vw, 512px\" title=\"\">\t\t\t\t<\/span>\n\t\t\t<\/div>\n\t\t\n\t\t\t\t\n\t\t\t<div class=\"bdt-ep-advanced-icon-box-content\">\n\n\t\t\t\t\t\t\t\t\t\n\t\t\t\t\t<h4 class=\"bdt-ep-advanced-icon-box-title ep-title-\">\n\t\t\t\t<span >\n\t\t\t\t\tNegociaci\u00f3n y Estructuraci\u00f3n de Acuerdos\t\t\t\t<\/span>\n\t\t\t<\/h4>\n\t\t\n\n\t\t\n\t\t\t\t\t\n\t\t\t\t\n\t\t\t\t\t\t\t\t\t<div class=\"bdt-ep-advanced-icon-box-description\">\n\t\t\t\t\t\t<p><span style=\"font-weight: 400;\">Nuestros negociadores experimentados trabajan incansablemente para asegurar t\u00e9rminos y condiciones favorables para su adquisici\u00f3n.\nAsistimos en la estructuraci\u00f3n de acuerdos que optimicen los resultados financieros y se alineen con sus objetivos estrat\u00e9gicos. <\/span><\/p>\t\t\t\t\t<\/div>\n\t\t\t\t\n\t\t\t\t\t\t\t<\/div>\n\t\t<\/div>\n\n\t\t\n\t\t\n\t\t\t\t<\/div>\n\t\t\t\t<\/div>\n\t\t\t\t<div class=\"elementor-element elementor-element-b3df3b3 elementor-position-left elementor-vertical-align-middle elementor-widget__width-initial bdt-icon-type-image elementor-widget-tablet__width-inherit bdt-icon-effect-none elementor-invisible elementor-widget elementor-widget-bdt-advanced-icon-box\" data-id=\"b3df3b3\" data-element_type=\"widget\" data-e-type=\"widget\" data-settings=\"{&quot;_animation&quot;:&quot;fadeInLeft&quot;,&quot;_animation_delay&quot;:400}\" data-widget_type=\"bdt-advanced-icon-box.default\">\n\t\t\t\t<div class=\"elementor-widget-container\">\n\t\t\t\t\t\t\t<div class=\"bdt-ep-advanced-icon-box\">\n\n\t\t\t\t\t\t\t\n\t\t\t\t\t<div class=\"bdt-ep-advanced-icon-box-icon\">\n\t\t\t\t<span class=\"bdt-ep-advanced-icon-box-icon-wrap\">\n\n\n\t\t\t\t\t<img loading=\"lazy\" decoding=\"async\" width=\"512\" height=\"512\" src=\"https:\/\/ventures.close.ltd\/wp-content\/uploads\/sites\/2\/2024\/07\/planning.svg\" class=\"attachment-full size-full\" alt=\"Planificaci\u00f3n de la Integraci\u00f3n\" srcset=\"https:\/\/ventures.close.ltd\/wp-content\/uploads\/sites\/2\/\/2024\/07\/planning.svg 150w, https:\/\/ventures.close.ltd\/wp-content\/uploads\/sites\/2\/\/2024\/07\/planning.svg 300w, https:\/\/ventures.close.ltd\/wp-content\/uploads\/sites\/2\/\/2024\/07\/planning.svg 1024w, https:\/\/ventures.close.ltd\/wp-content\/uploads\/sites\/2\/\/2024\/07\/planning.svg 512w\" sizes=\"(max-width: 512px) 100vw, 512px\" title=\"\">\t\t\t\t<\/span>\n\t\t\t<\/div>\n\t\t\n\t\t\t\t\n\t\t\t<div class=\"bdt-ep-advanced-icon-box-content\">\n\n\t\t\t\t\t\t\t\t\t\n\t\t\t\t\t<h4 class=\"bdt-ep-advanced-icon-box-title ep-title-\">\n\t\t\t\t<span >\n\t\t\t\t\tPlanificaci\u00f3n de la Integraci\u00f3n\t\t\t\t<\/span>\n\t\t\t<\/h4>\n\t\t\n\n\t\t\n\t\t\t\t\t\n\t\t\t\t\n\t\t\t\t\t\t\t\t\t<div class=\"bdt-ep-advanced-icon-box-description\">\n\t\t\t\t\t\t<p><span style=\"font-weight: 400;\">La integraci\u00f3n post-adquisici\u00f3n es crucial para realizar el potencial completo del acuerdo.\nLe ayudamos a desarrollar y ejecutar planes de integraci\u00f3n que aseguren una transici\u00f3n sin problemas, minimizando la disrupci\u00f3n y maximizando las sinergias. <\/span><\/p>\t\t\t\t\t<\/div>\n\t\t\t\t\n\t\t\t\t\t\t\t<\/div>\n\t\t<\/div>\n\n\t\t\n\t\t\n\t\t\t\t<\/div>\n\t\t\t\t<\/div>\n\t\t\t\t<div class=\"elementor-element elementor-element-d867f0b elementor-position-left elementor-vertical-align-middle elementor-widget__width-initial bdt-icon-type-image elementor-widget-tablet__width-inherit bdt-icon-effect-none elementor-invisible elementor-widget elementor-widget-bdt-advanced-icon-box\" data-id=\"d867f0b\" data-element_type=\"widget\" data-e-type=\"widget\" data-settings=\"{&quot;_animation&quot;:&quot;fadeInRight&quot;,&quot;_animation_delay&quot;:400}\" data-widget_type=\"bdt-advanced-icon-box.default\">\n\t\t\t\t<div class=\"elementor-widget-container\">\n\t\t\t\t\t\t\t<div class=\"bdt-ep-advanced-icon-box\">\n\n\t\t\t\t\t\t\t\n\t\t\t\t\t<div class=\"bdt-ep-advanced-icon-box-icon\">\n\t\t\t\t<span class=\"bdt-ep-advanced-icon-box-icon-wrap\">\n\n\n\t\t\t\t\t<img loading=\"lazy\" decoding=\"async\" width=\"512\" height=\"512\" src=\"https:\/\/ventures.close.ltd\/wp-content\/uploads\/sites\/2\/2024\/07\/legal-document.svg\" class=\"attachment-full size-full\" alt=\"Cumplimiento Regulatorio\" srcset=\"https:\/\/ventures.close.ltd\/wp-content\/uploads\/sites\/2\/\/2024\/07\/legal-document.svg 150w, https:\/\/ventures.close.ltd\/wp-content\/uploads\/sites\/2\/\/2024\/07\/legal-document.svg 300w, https:\/\/ventures.close.ltd\/wp-content\/uploads\/sites\/2\/\/2024\/07\/legal-document.svg 1024w, https:\/\/ventures.close.ltd\/wp-content\/uploads\/sites\/2\/\/2024\/07\/legal-document.svg 512w\" sizes=\"(max-width: 512px) 100vw, 512px\" title=\"\">\t\t\t\t<\/span>\n\t\t\t<\/div>\n\t\t\n\t\t\t\t\n\t\t\t<div class=\"bdt-ep-advanced-icon-box-content\">\n\n\t\t\t\t\t\t\t\t\t\n\t\t\t\t\t<h4 class=\"bdt-ep-advanced-icon-box-title ep-title-\">\n\t\t\t\t<span >\n\t\t\t\t\tCumplimiento Regulatorio\t\t\t\t<\/span>\n\t\t\t<\/h4>\n\t\t\n\n\t\t\n\t\t\t\t\t\n\t\t\t\t\n\t\t\t\t\t\t\t\t\t<div class=\"bdt-ep-advanced-icon-box-description\">\n\t\t\t\t\t\t<p><span style=\"font-weight: 400;\">Navegar por el panorama regulatorio puede ser complejo.\nNos aseguramos de que todos los aspectos de la adquisici\u00f3n cumplan con las leyes y regulaciones relevantes, mitigando riesgos legales y facilitando una transacci\u00f3n sin problemas. <\/span><\/p>\t\t\t\t\t<\/div>\n\t\t\t\t\n\t\t\t\t\t\t\t<\/div>\n\t\t<\/div>\n\n\t\t\n\t\t\n\t\t\t\t<\/div>\n\t\t\t\t<\/div>\n\t\t\t\t\t<\/div>\n\t\t\t\t<\/div>\n\t\t\t\t\t<\/div>\n\t\t\t\t<\/div>\n\t\t\t\t<\/div>\n\t\t","protected":false},"excerpt":{"rendered":"<p>Fusiones y Adquisiciones (M&amp;A) Parte Adquirente En CLOSE, nos especializamos en proporcionar servicios integrales de Fusiones y Adquisiciones (M&amp;A) a empresas que [&hellip;]<\/p>\n","protected":false},"author":2,"featured_media":0,"parent":4589,"menu_order":0,"comment_status":"closed","ping_status":"closed","template":"","meta":{"footnotes":""},"class_list":["post-4602","page","type-page","status-publish","hentry"],"_links":{"self":[{"href":"https:\/\/ventures.close.ltd\/es\/wp-json\/wp\/v2\/pages\/4602","targetHints":{"allow":["GET"]}}],"collection":[{"href":"https:\/\/ventures.close.ltd\/es\/wp-json\/wp\/v2\/pages"}],"about":[{"href":"https:\/\/ventures.close.ltd\/es\/wp-json\/wp\/v2\/types\/page"}],"author":[{"embeddable":true,"href":"https:\/\/ventures.close.ltd\/es\/wp-json\/wp\/v2\/users\/2"}],"replies":[{"embeddable":true,"href":"https:\/\/ventures.close.ltd\/es\/wp-json\/wp\/v2\/comments?post=4602"}],"version-history":[{"count":8,"href":"https:\/\/ventures.close.ltd\/es\/wp-json\/wp\/v2\/pages\/4602\/revisions"}],"predecessor-version":[{"id":4973,"href":"https:\/\/ventures.close.ltd\/es\/wp-json\/wp\/v2\/pages\/4602\/revisions\/4973"}],"up":[{"embeddable":true,"href":"https:\/\/ventures.close.ltd\/es\/wp-json\/wp\/v2\/pages\/4589"}],"wp:attachment":[{"href":"https:\/\/ventures.close.ltd\/es\/wp-json\/wp\/v2\/media?parent=4602"}],"curies":[{"name":"wp","href":"https:\/\/api.w.org\/{rel}","templated":true}]}}