{"id":4599,"date":"2024-06-25T13:27:39","date_gmt":"2024-06-25T13:27:39","guid":{"rendered":"https:\/\/closeventures.ch\/services\/certification\/"},"modified":"2024-09-15T10:55:51","modified_gmt":"2024-09-15T10:55:51","slug":"certification","status":"publish","type":"page","link":"https:\/\/ventures.close.ltd\/fr\/services\/certification\/","title":{"rendered":"Certification"},"content":{"rendered":"\t\t<div data-elementor-type=\"wp-page\" data-elementor-id=\"4599\" class=\"elementor elementor-4599 elementor-1420\" data-elementor-settings=\"{&quot;element_pack_global_tooltip_width&quot;:{&quot;unit&quot;:&quot;px&quot;,&quot;size&quot;:&quot;&quot;,&quot;sizes&quot;:[]},&quot;element_pack_global_tooltip_width_tablet&quot;:{&quot;unit&quot;:&quot;px&quot;,&quot;size&quot;:&quot;&quot;,&quot;sizes&quot;:[]},&quot;element_pack_global_tooltip_width_mobile&quot;:{&quot;unit&quot;:&quot;px&quot;,&quot;size&quot;:&quot;&quot;,&quot;sizes&quot;:[]},&quot;element_pack_global_tooltip_padding&quot;:{&quot;unit&quot;:&quot;px&quot;,&quot;top&quot;:&quot;&quot;,&quot;right&quot;:&quot;&quot;,&quot;bottom&quot;:&quot;&quot;,&quot;left&quot;:&quot;&quot;,&quot;isLinked&quot;:true},&quot;element_pack_global_tooltip_padding_tablet&quot;:{&quot;unit&quot;:&quot;px&quot;,&quot;top&quot;:&quot;&quot;,&quot;right&quot;:&quot;&quot;,&quot;bottom&quot;:&quot;&quot;,&quot;left&quot;:&quot;&quot;,&quot;isLinked&quot;:true},&quot;element_pack_global_tooltip_padding_mobile&quot;:{&quot;unit&quot;:&quot;px&quot;,&quot;top&quot;:&quot;&quot;,&quot;right&quot;:&quot;&quot;,&quot;bottom&quot;:&quot;&quot;,&quot;left&quot;:&quot;&quot;,&quot;isLinked&quot;:true},&quot;element_pack_global_tooltip_border_radius&quot;:{&quot;unit&quot;:&quot;px&quot;,&quot;top&quot;:&quot;&quot;,&quot;right&quot;:&quot;&quot;,&quot;bottom&quot;:&quot;&quot;,&quot;left&quot;:&quot;&quot;,&quot;isLinked&quot;:true},&quot;element_pack_global_tooltip_border_radius_tablet&quot;:{&quot;unit&quot;:&quot;px&quot;,&quot;top&quot;:&quot;&quot;,&quot;right&quot;:&quot;&quot;,&quot;bottom&quot;:&quot;&quot;,&quot;left&quot;:&quot;&quot;,&quot;isLinked&quot;:true},&quot;element_pack_global_tooltip_border_radius_mobile&quot;:{&quot;unit&quot;:&quot;px&quot;,&quot;top&quot;:&quot;&quot;,&quot;right&quot;:&quot;&quot;,&quot;bottom&quot;:&quot;&quot;,&quot;left&quot;:&quot;&quot;,&quot;isLinked&quot;:true}}\">\n\t\t\t\t<div class=\"elementor-element elementor-element-29a015c1 e-flex e-con-boxed e-con e-parent\" data-id=\"29a015c1\" data-element_type=\"container\" data-e-type=\"container\" id=\"testimonial\">\n\t\t\t\t\t<div class=\"e-con-inner\">\n\t\t\t\t<div class=\"elementor-element elementor-element-1d23fe5c elementor-widget__width-initial elementor-widget-mobile__width-inherit elementor-widget-tablet__width-initial elementor-invisible elementor-widget elementor-widget-heading\" data-id=\"1d23fe5c\" data-element_type=\"widget\" data-e-type=\"widget\" data-settings=\"{&quot;_animation&quot;:&quot;zoomOut&quot;,&quot;_animation_delay&quot;:&quot;180&quot;}\" data-widget_type=\"heading.default\">\n\t\t\t\t<div class=\"elementor-widget-container\">\n\t\t\t\t\t<h2 class=\"elementor-heading-title elementor-size-default\">La Certification de Close<\/h2>\t\t\t\t<\/div>\n\t\t\t\t<\/div>\n\t\t<div class=\"elementor-element elementor-element-7b3dbbb8 e-con-full e-flex elementor-invisible e-con e-child\" data-id=\"7b3dbbb8\" data-element_type=\"container\" data-e-type=\"container\" data-settings=\"{&quot;background_background&quot;:&quot;classic&quot;,&quot;animation&quot;:&quot;zoomIn&quot;,&quot;animation_delay&quot;:&quot;240&quot;}\">\n\t\t<div class=\"elementor-element elementor-element-4cd0c09c e-con-full e-flex e-con e-child\" data-id=\"4cd0c09c\" data-element_type=\"container\" data-e-type=\"container\">\n\t\t\t\t<div class=\"elementor-element elementor-element-52b3a304 elementor-widget elementor-widget-image\" data-id=\"52b3a304\" data-element_type=\"widget\" data-e-type=\"widget\" data-widget_type=\"image.default\">\n\t\t\t\t<div class=\"elementor-widget-container\">\n\t\t\t\t\t\t\t\t\t\t\t\t\t\t\t<img fetchpriority=\"high\" decoding=\"async\" width=\"664\" height=\"240\" src=\"https:\/\/ventures.close.ltd\/wp-content\/uploads\/sites\/2\/2024\/06\/close-ventures-logo.svg\" class=\"attachment-full size-full wp-image-4140\" alt=\"\" title=\"\">\t\t\t\t\t\t\t\t\t\t\t\t\t\t\t<\/div>\n\t\t\t\t<\/div>\n\t\t\t\t<div class=\"elementor-element elementor-element-4afd8fcd ui-e-left ui-e-align-left ui-e-align-tablet-left ui-e-align-mobile-left elementor-widget elementor-widget-uicore-icon-box\" data-id=\"4afd8fcd\" data-element_type=\"widget\" data-e-type=\"widget\" data-settings=\"{&quot;position&quot;:&quot;left&quot;,&quot;content_padding&quot;:{&quot;unit&quot;:&quot;px&quot;,&quot;top&quot;:&quot;&quot;,&quot;right&quot;:&quot;&quot;,&quot;bottom&quot;:&quot;&quot;,&quot;left&quot;:&quot;&quot;,&quot;isLinked&quot;:true},&quot;content_padding_tablet&quot;:{&quot;unit&quot;:&quot;px&quot;,&quot;top&quot;:&quot;&quot;,&quot;right&quot;:&quot;&quot;,&quot;bottom&quot;:&quot;&quot;,&quot;left&quot;:&quot;&quot;,&quot;isLinked&quot;:true},&quot;content_padding_mobile&quot;:{&quot;unit&quot;:&quot;px&quot;,&quot;top&quot;:&quot;&quot;,&quot;right&quot;:&quot;&quot;,&quot;bottom&quot;:&quot;&quot;,&quot;left&quot;:&quot;&quot;,&quot;isLinked&quot;:true}}\" data-widget_type=\"uicore-icon-box.default\">\n\t\t\t\t<div class=\"elementor-widget-container\">\n\t\t\t\t\t\n        <div class=\"ui-e-ico-box\" >\n\n            \n            <div class='ui-e-flex-wrp'>\n\n                                    <div class=\"ui-e-icon-wrp\">\n\n                        <img decoding=\"async\" width=\"749\" height=\"1024\" src=\"https:\/\/ventures.close.ltd\/wp-content\/uploads\/sites\/2\/2024\/06\/about-us-jonathan-749x1024.jpg\" class=\"attachment-large size-large\" alt=\"\" srcset=\"https:\/\/ventures.close.ltd\/wp-content\/uploads\/sites\/2\/2024\/06\/about-us-jonathan-749x1024.jpg 749w, https:\/\/ventures.close.ltd\/wp-content\/uploads\/sites\/2\/2024\/06\/about-us-jonathan-219x300.jpg 219w, https:\/\/ventures.close.ltd\/wp-content\/uploads\/sites\/2\/2024\/06\/about-us-jonathan-768x1050.jpg 768w, https:\/\/ventures.close.ltd\/wp-content\/uploads\/sites\/2\/2024\/06\/about-us-jonathan-475x650.jpg 475w, https:\/\/ventures.close.ltd\/wp-content\/uploads\/sites\/2\/2024\/06\/about-us-jonathan.jpg 1024w\" sizes=\"(max-width: 749px) 100vw, 749px\" title=\"\">\n                    <\/div>\n                \n                \n            <\/div>\n\n            <div class=\"ui-e-box-content\">\n                <div class=\"ui-e-title-wrp\"><h5 class=\"ui-e-title\">Jonathan Beuchat<\/h5><\/div>\n                <div class=\"ui-e-description\">\n                    <p>Fondateur<\/p>                <\/div>\n\n                \n            <\/div>\n        <\/div>\n\t\t\t\t<\/div>\n\t\t\t\t<\/div>\n\t\t\t\t<\/div>\n\t\t<div class=\"elementor-element elementor-element-6b9eadb9 e-con-full e-flex e-con e-child\" data-id=\"6b9eadb9\" data-element_type=\"container\" data-e-type=\"container\" data-settings=\"{&quot;background_background&quot;:&quot;classic&quot;}\">\n\t\t\t\t<div class=\"elementor-element elementor-element-3f6a57eb elementor-view-default elementor-widget elementor-widget-icon\" data-id=\"3f6a57eb\" data-element_type=\"widget\" data-e-type=\"widget\" data-widget_type=\"icon.default\">\n\t\t\t\t<div class=\"elementor-widget-container\">\n\t\t\t\t\t\t\t<div class=\"elementor-icon-wrapper\">\n\t\t\t<div class=\"elementor-icon\">\n\t\t\t<svg aria-hidden=\"true\" class=\"e-font-icon-svg e-fas-quote-left\" viewBox=\"0 0 512 512\" xmlns=\"http:\/\/www.w3.org\/2000\/svg\"><path d=\"M464 256h-80v-64c0-35.3 28.7-64 64-64h8c13.3 0 24-10.7 24-24V56c0-13.3-10.7-24-24-24h-8c-88.4 0-160 71.6-160 160v240c0 26.5 21.5 48 48 48h128c26.5 0 48-21.5 48-48V304c0-26.5-21.5-48-48-48zm-288 0H96v-64c0-35.3 28.7-64 64-64h8c13.3 0 24-10.7 24-24V56c0-13.3-10.7-24-24-24h-8C71.6 32 0 103.6 0 192v240c0 26.5 21.5 48 48 48h128c26.5 0 48-21.5 48-48V304c0-26.5-21.5-48-48-48z\"><\/path><\/svg>\t\t\t<\/div>\n\t\t<\/div>\n\t\t\t\t\t\t<\/div>\n\t\t\t\t<\/div>\n\t\t\t\t<div class=\"elementor-element elementor-element-1ea2b20b elementor-widget elementor-widget-text-editor\" data-id=\"1ea2b20b\" data-element_type=\"widget\" data-e-type=\"widget\" data-widget_type=\"text-editor.default\">\n\t\t\t\t<div class=\"elementor-widget-container\">\n\t\t\t\t\t\t\t\t\t<p><b>Chez Close, nous nous engageons \u00e0 favoriser la croissance et \u00e0 assurer la conformit\u00e9 au sein de l&rsquo;\u00e9cosyst\u00e8me dynamique des startups.<br \/>\nUne fois que votre startup rejoint notre r\u00e9seau, nous sommes heureux d&rsquo;offrir la Certification annuelle Close Venture\u2014un t\u00e9moignage de votre engagement envers l&rsquo;excellence et la conformit\u00e9 l\u00e9gale en Suisse. <\/b><\/p>\n\t\t\t\t\t\t\t\t<\/div>\n\t\t\t\t<\/div>\n\t\t\t\t<\/div>\n\t\t\t\t<\/div>\n\t\t\t\t\t<\/div>\n\t\t\t\t<\/div>\n\t\t<div class=\"elementor-element elementor-element-17dc6d98 e-flex e-con-boxed e-con e-parent\" data-id=\"17dc6d98\" data-element_type=\"container\" data-e-type=\"container\" id=\"end\">\n\t\t\t\t\t<div class=\"e-con-inner\">\n\t\t<div class=\"elementor-element elementor-element-5f8bb3b3 e-con-full e-flex e-con e-child\" data-id=\"5f8bb3b3\" data-element_type=\"container\" data-e-type=\"container\">\n\t\t\t\t<div class=\"elementor-element elementor-element-25c3bc0 elementor-widget-tablet__width-initial elementor-invisible elementor-widget elementor-widget-image\" data-id=\"25c3bc0\" data-element_type=\"widget\" data-e-type=\"widget\" data-settings=\"{&quot;_animation&quot;:&quot;fadeInUp&quot;,&quot;_animation_delay&quot;:200}\" data-widget_type=\"image.default\">\n\t\t\t\t<div class=\"elementor-widget-container\">\n\t\t\t\t\t\t\t\t\t\t\t\t\t\t\t<img decoding=\"async\" width=\"900\" height=\"761\" src=\"https:\/\/ventures.close.ltd\/wp-content\/uploads\/sites\/2\/2024\/06\/close-stamp.jpg\" class=\"attachment-large size-large wp-image-4314\" alt=\"\" srcset=\"https:\/\/ventures.close.ltd\/wp-content\/uploads\/sites\/2\/2024\/06\/close-stamp.jpg 900w, https:\/\/ventures.close.ltd\/wp-content\/uploads\/sites\/2\/2024\/06\/close-stamp-300x254.jpg 300w, https:\/\/ventures.close.ltd\/wp-content\/uploads\/sites\/2\/2024\/06\/close-stamp-768x649.jpg 768w, https:\/\/ventures.close.ltd\/wp-content\/uploads\/sites\/2\/2024\/06\/close-stamp-650x550.jpg 650w\" sizes=\"(max-width: 900px) 100vw, 900px\" title=\"\">\t\t\t\t\t\t\t\t\t\t\t\t\t\t\t<\/div>\n\t\t\t\t<\/div>\n\t\t\t\t<div class=\"elementor-element elementor-element-f52aeb elementor-widget-tablet__width-inherit elementor-widget-mobile__width-inherit elementor-invisible elementor-widget elementor-widget-text-editor\" data-id=\"f52aeb\" data-element_type=\"widget\" data-e-type=\"widget\" data-settings=\"{&quot;_animation&quot;:&quot;fadeInUp&quot;,&quot;_animation_delay&quot;:400}\" data-widget_type=\"text-editor.default\">\n\t\t\t\t<div class=\"elementor-widget-container\">\n\t\t\t\t\t\t\t\t\t<p><span style=\"font-weight: 400;\">Embarquez sur un chemin vers la confiance et la transparence dans l&rsquo;\u00e9cosyst\u00e8me des startups avec nous.<br \/>\nLa Certification Close marque le d\u00e9but de votre aventure vers une croissance durable et une excellence op\u00e9rationnelle. <\/span><\/p>\n\t\t\t\t\t\t\t\t<\/div>\n\t\t\t\t<\/div>\n\t\t\t\t<div class=\"elementor-element elementor-element-fee9e53 elementor-widget-tablet__width-inherit elementor-invisible elementor-widget elementor-widget-button\" data-id=\"fee9e53\" data-element_type=\"widget\" data-e-type=\"widget\" data-settings=\"{&quot;_animation&quot;:&quot;fadeInUp&quot;,&quot;_animation_delay&quot;:600}\" data-widget_type=\"button.default\">\n\t\t\t\t<div class=\"elementor-widget-container\">\n\t\t\t\t\t\t\t\t\t<div class=\"elementor-button-wrapper\">\n\t\t\t\t\t<a class=\"elementor-button elementor-button-link elementor-size-sm\" href=\"https:\/\/ventures.close.ltd\/fr\/contact\/\">\n\t\t\t\t\t\t<span class=\"elementor-button-content-wrapper\">\n\t\t\t\t\t\t\t\t\t<span class=\"elementor-button-text\">Contactez-nous<\/span>\n\t\t\t\t\t<\/span>\n\t\t\t\t\t<\/a>\n\t\t\t\t<\/div>\n\t\t\t\t\t\t\t\t<\/div>\n\t\t\t\t<\/div>\n\t\t\t\t<\/div>\n\t\t<div class=\"elementor-element elementor-element-34648d08 e-con-full e-flex e-con e-child\" data-id=\"34648d08\" data-element_type=\"container\" data-e-type=\"container\">\n\t\t<div class=\"elementor-element elementor-element-61b4868b e-con-full e-flex e-con e-child\" data-id=\"61b4868b\" data-element_type=\"container\" data-e-type=\"container\">\n\t\t\t\t<div class=\"elementor-element elementor-element-22721df7 ui-e-align-left ui-e-align-tablet-left ui-e-align-mobile-left ui-e-top elementor-invisible elementor-widget elementor-widget-uicore-icon-box\" data-id=\"22721df7\" data-element_type=\"widget\" data-e-type=\"widget\" data-settings=\"{&quot;_animation&quot;:&quot;fadeInUp&quot;,&quot;_animation_delay&quot;:&quot;200&quot;,&quot;position&quot;:&quot;top&quot;,&quot;content_padding&quot;:{&quot;unit&quot;:&quot;px&quot;,&quot;top&quot;:&quot;&quot;,&quot;right&quot;:&quot;&quot;,&quot;bottom&quot;:&quot;&quot;,&quot;left&quot;:&quot;&quot;,&quot;isLinked&quot;:true},&quot;content_padding_tablet&quot;:{&quot;unit&quot;:&quot;px&quot;,&quot;top&quot;:&quot;&quot;,&quot;right&quot;:&quot;&quot;,&quot;bottom&quot;:&quot;&quot;,&quot;left&quot;:&quot;&quot;,&quot;isLinked&quot;:true},&quot;content_padding_mobile&quot;:{&quot;unit&quot;:&quot;px&quot;,&quot;top&quot;:&quot;&quot;,&quot;right&quot;:&quot;&quot;,&quot;bottom&quot;:&quot;&quot;,&quot;left&quot;:&quot;&quot;,&quot;isLinked&quot;:true}}\" data-widget_type=\"uicore-icon-box.default\">\n\t\t\t\t<div class=\"elementor-widget-container\">\n\t\t\t\t\t\n        <div class=\"ui-e-ico-box\" >\n\n            \n            <div class='ui-e-flex-wrp'>\n\n                \n                <div class=\"ui-e-title-wrp\"><h4 class=\"ui-e-title\">Conformit\u00e9 Compl\u00e8te<\/h4><\/div>\n            <\/div>\n\n            <div class=\"ui-e-box-content\">\n                \n                <div class=\"ui-e-description\">\n                    <p><span style=\"font-weight: 400\">La Certification Close confirme que votre entreprise adh\u00e8re aux normes strictes \u00e9tablies par la loi suisse dans des domaines critiques tels que la comptabilit\u00e9, les r\u00e9glementations du travail et la fiscalit\u00e9.\nCette assurance de conformit\u00e9 renforce non seulement vos op\u00e9rations commerciales mais am\u00e9liore \u00e9galement votre r\u00e9putation dans l'industrie. <\/span><\/p>                <\/div>\n\n                \n            <\/div>\n        <\/div>\n\t\t\t\t<\/div>\n\t\t\t\t<\/div>\n\t\t\t\t<div class=\"elementor-element elementor-element-5ca47429 ui-e-align-left ui-e-align-tablet-left ui-e-align-mobile-left ui-e-top elementor-invisible elementor-widget elementor-widget-uicore-icon-box\" data-id=\"5ca47429\" data-element_type=\"widget\" data-e-type=\"widget\" data-settings=\"{&quot;_animation&quot;:&quot;fadeInUp&quot;,&quot;_animation_delay&quot;:&quot;300&quot;,&quot;position&quot;:&quot;top&quot;,&quot;content_padding&quot;:{&quot;unit&quot;:&quot;px&quot;,&quot;top&quot;:&quot;&quot;,&quot;right&quot;:&quot;&quot;,&quot;bottom&quot;:&quot;&quot;,&quot;left&quot;:&quot;&quot;,&quot;isLinked&quot;:true},&quot;content_padding_tablet&quot;:{&quot;unit&quot;:&quot;px&quot;,&quot;top&quot;:&quot;&quot;,&quot;right&quot;:&quot;&quot;,&quot;bottom&quot;:&quot;&quot;,&quot;left&quot;:&quot;&quot;,&quot;isLinked&quot;:true},&quot;content_padding_mobile&quot;:{&quot;unit&quot;:&quot;px&quot;,&quot;top&quot;:&quot;&quot;,&quot;right&quot;:&quot;&quot;,&quot;bottom&quot;:&quot;&quot;,&quot;left&quot;:&quot;&quot;,&quot;isLinked&quot;:true}}\" data-widget_type=\"uicore-icon-box.default\">\n\t\t\t\t<div class=\"elementor-widget-container\">\n\t\t\t\t\t\n        <div class=\"ui-e-ico-box\" >\n\n            \n            <div class='ui-e-flex-wrp'>\n\n                \n                <div class=\"ui-e-title-wrp\"><h4 class=\"ui-e-title\">Suivi Strat\u00e9gique de la Performance<\/h4><\/div>\n            <\/div>\n\n            <div class=\"ui-e-box-content\">\n                \n                <div class=\"ui-e-description\">\n                    <p><span style=\"font-weight: 400\">En plus de la gestion financi\u00e8re, la Certification Close garantit que votre entreprise \u00e9tablit et examine r\u00e9guli\u00e8rement des Indicateurs Cl\u00e9s de Performance (KPI).\nCette pratique aide \u00e0 orienter strat\u00e9giquement l'entreprise vers ses objectifs \u00e0 court et \u00e0 long terme gr\u00e2ce \u00e0 une prise de d\u00e9cision \u00e9clair\u00e9e. <\/span><\/p>                <\/div>\n\n                \n            <\/div>\n        <\/div>\n\t\t\t\t<\/div>\n\t\t\t\t<\/div>\n\t\t\t\t<\/div>\n\t\t<div class=\"elementor-element elementor-element-1b4962ab e-con-full e-flex e-con e-child\" data-id=\"1b4962ab\" data-element_type=\"container\" data-e-type=\"container\">\n\t\t\t\t<div class=\"elementor-element elementor-element-5f76c4e1 ui-e-align-left ui-e-align-tablet-left ui-e-align-mobile-left ui-e-top elementor-invisible elementor-widget elementor-widget-uicore-icon-box\" data-id=\"5f76c4e1\" data-element_type=\"widget\" data-e-type=\"widget\" data-settings=\"{&quot;_animation&quot;:&quot;fadeInUp&quot;,&quot;_animation_delay&quot;:&quot;400&quot;,&quot;position&quot;:&quot;top&quot;,&quot;content_padding&quot;:{&quot;unit&quot;:&quot;px&quot;,&quot;top&quot;:&quot;&quot;,&quot;right&quot;:&quot;&quot;,&quot;bottom&quot;:&quot;&quot;,&quot;left&quot;:&quot;&quot;,&quot;isLinked&quot;:true},&quot;content_padding_tablet&quot;:{&quot;unit&quot;:&quot;px&quot;,&quot;top&quot;:&quot;&quot;,&quot;right&quot;:&quot;&quot;,&quot;bottom&quot;:&quot;&quot;,&quot;left&quot;:&quot;&quot;,&quot;isLinked&quot;:true},&quot;content_padding_mobile&quot;:{&quot;unit&quot;:&quot;px&quot;,&quot;top&quot;:&quot;&quot;,&quot;right&quot;:&quot;&quot;,&quot;bottom&quot;:&quot;&quot;,&quot;left&quot;:&quot;&quot;,&quot;isLinked&quot;:true}}\" data-widget_type=\"uicore-icon-box.default\">\n\t\t\t\t<div class=\"elementor-widget-container\">\n\t\t\t\t\t\n        <div class=\"ui-e-ico-box\" >\n\n            \n            <div class='ui-e-flex-wrp'>\n\n                \n                <div class=\"ui-e-title-wrp\"><h4 class=\"ui-e-title\">Gestion Financi\u00e8re Diligente<\/h4><\/div>\n            <\/div>\n\n            <div class=\"ui-e-box-content\">\n                \n                <div class=\"ui-e-description\">\n                    <p><span style=\"font-weight: 400\">Notre certification garantit que vos pratiques comptables sont g\u00e9r\u00e9es m\u00e9ticuleusement sur une base mensuelle.\nCette surveillance financi\u00e8re rigoureuse est con\u00e7ue pour garantir que vos dossiers financiers sont pr\u00e9cis, \u00e0 jour et refl\u00e8tent la sant\u00e9 financi\u00e8re r\u00e9elle de votre entreprise. <\/span><\/p>                <\/div>\n\n                \n            <\/div>\n        <\/div>\n\t\t\t\t<\/div>\n\t\t\t\t<\/div>\n\t\t\t\t<div class=\"elementor-element elementor-element-39fd0ace ui-e-align-left ui-e-align-tablet-left ui-e-align-mobile-left ui-e-top elementor-invisible elementor-widget elementor-widget-uicore-icon-box\" data-id=\"39fd0ace\" data-element_type=\"widget\" data-e-type=\"widget\" data-settings=\"{&quot;_animation&quot;:&quot;fadeInUp&quot;,&quot;_animation_delay&quot;:&quot;500&quot;,&quot;position&quot;:&quot;top&quot;,&quot;content_padding&quot;:{&quot;unit&quot;:&quot;px&quot;,&quot;top&quot;:&quot;&quot;,&quot;right&quot;:&quot;&quot;,&quot;bottom&quot;:&quot;&quot;,&quot;left&quot;:&quot;&quot;,&quot;isLinked&quot;:true},&quot;content_padding_tablet&quot;:{&quot;unit&quot;:&quot;px&quot;,&quot;top&quot;:&quot;&quot;,&quot;right&quot;:&quot;&quot;,&quot;bottom&quot;:&quot;&quot;,&quot;left&quot;:&quot;&quot;,&quot;isLinked&quot;:true},&quot;content_padding_mobile&quot;:{&quot;unit&quot;:&quot;px&quot;,&quot;top&quot;:&quot;&quot;,&quot;right&quot;:&quot;&quot;,&quot;bottom&quot;:&quot;&quot;,&quot;left&quot;:&quot;&quot;,&quot;isLinked&quot;:true}}\" data-widget_type=\"uicore-icon-box.default\">\n\t\t\t\t<div class=\"elementor-widget-container\">\n\t\t\t\t\t\n        <div class=\"ui-e-ico-box\" >\n\n            \n            <div class='ui-e-flex-wrp'>\n\n                \n                <div class=\"ui-e-title-wrp\"><h4 class=\"ui-e-title\">Confiance des Investisseurs<\/h4><\/div>\n            <\/div>\n\n            <div class=\"ui-e-box-content\">\n                \n                <div class=\"ui-e-description\">\n                    <p><span style=\"font-weight: 400\">La Certification Close sert d'outil puissant dans vos efforts de collecte de fonds.\nEn d\u00e9montrant que votre entreprise fonctionne sous une surveillance juridique et financi\u00e8re rigoureuse, elle rassure les investisseurs potentiels sur les risques r\u00e9duits et les protections accrues.\nCette certification augmente consid\u00e9rablement la confiance des investisseurs, les rendant plus enclins \u00e0 investir dans votre startup.  <\/span><\/p>                <\/div>\n\n                \n            <\/div>\n        <\/div>\n\t\t\t\t<\/div>\n\t\t\t\t<\/div>\n\t\t\t\t<\/div>\n\t\t\t\t<div class=\"elementor-element elementor-element-c30b293 ui-e-align-left ui-e-align-tablet-left ui-e-align-mobile-left ui-e-top elementor-invisible elementor-widget elementor-widget-uicore-icon-box\" data-id=\"c30b293\" data-element_type=\"widget\" data-e-type=\"widget\" data-settings=\"{&quot;_animation&quot;:&quot;fadeInUp&quot;,&quot;_animation_delay&quot;:&quot;500&quot;,&quot;position&quot;:&quot;top&quot;,&quot;content_padding&quot;:{&quot;unit&quot;:&quot;px&quot;,&quot;top&quot;:&quot;&quot;,&quot;right&quot;:&quot;&quot;,&quot;bottom&quot;:&quot;&quot;,&quot;left&quot;:&quot;&quot;,&quot;isLinked&quot;:true},&quot;content_padding_tablet&quot;:{&quot;unit&quot;:&quot;px&quot;,&quot;top&quot;:&quot;&quot;,&quot;right&quot;:&quot;&quot;,&quot;bottom&quot;:&quot;&quot;,&quot;left&quot;:&quot;&quot;,&quot;isLinked&quot;:true},&quot;content_padding_mobile&quot;:{&quot;unit&quot;:&quot;px&quot;,&quot;top&quot;:&quot;&quot;,&quot;right&quot;:&quot;&quot;,&quot;bottom&quot;:&quot;&quot;,&quot;left&quot;:&quot;&quot;,&quot;isLinked&quot;:true}}\" data-widget_type=\"uicore-icon-box.default\">\n\t\t\t\t<div class=\"elementor-widget-container\">\n\t\t\t\t\t\n        <div class=\"ui-e-ico-box\" >\n\n            \n            <div class='ui-e-flex-wrp'>\n\n                \n                <div class=\"ui-e-title-wrp\"><h4 class=\"ui-e-title\">Un Signe de Fiabilit\u00e9<\/h4><\/div>\n            <\/div>\n\n            <div class=\"ui-e-box-content\">\n                \n                <div class=\"ui-e-description\">\n                    <p><span style=\"font-weight: 400\">D\u00e9tenir la Certification Close positionne votre entreprise comme un partenaire fiable et attractif dans la communaut\u00e9 des affaires.\nElle instille non seulement la confiance parmi les investisseurs, mais \u00e9l\u00e8ve \u00e9galement votre statut parmi vos pairs, clients et partenaires potentiels. <\/span><\/p>                <\/div>\n\n                \n            <\/div>\n        <\/div>\n\t\t\t\t<\/div>\n\t\t\t\t<\/div>\n\t\t\t\t<\/div>\n\t\t\t\t\t<\/div>\n\t\t\t\t<\/div>\n\t\t\t\t<\/div>\n\t\t","protected":false},"excerpt":{"rendered":"<p>La Certification de Close Jonathan Beuchat Fondateur Chez Close, nous nous engageons \u00e0 favoriser la croissance et \u00e0 assurer la conformit\u00e9 au [&hellip;]<\/p>\n","protected":false},"author":2,"featured_media":0,"parent":4591,"menu_order":0,"comment_status":"closed","ping_status":"closed","template":"","meta":{"footnotes":""},"class_list":["post-4599","page","type-page","status-publish","hentry"],"_links":{"self":[{"href":"https:\/\/ventures.close.ltd\/fr\/wp-json\/wp\/v2\/pages\/4599","targetHints":{"allow":["GET"]}}],"collection":[{"href":"https:\/\/ventures.close.ltd\/fr\/wp-json\/wp\/v2\/pages"}],"about":[{"href":"https:\/\/ventures.close.ltd\/fr\/wp-json\/wp\/v2\/types\/page"}],"author":[{"embeddable":true,"href":"https:\/\/ventures.close.ltd\/fr\/wp-json\/wp\/v2\/users\/2"}],"replies":[{"embeddable":true,"href":"https:\/\/ventures.close.ltd\/fr\/wp-json\/wp\/v2\/comments?post=4599"}],"version-history":[{"count":7,"href":"https:\/\/ventures.close.ltd\/fr\/wp-json\/wp\/v2\/pages\/4599\/revisions"}],"predecessor-version":[{"id":4880,"href":"https:\/\/ventures.close.ltd\/fr\/wp-json\/wp\/v2\/pages\/4599\/revisions\/4880"}],"up":[{"embeddable":true,"href":"https:\/\/ventures.close.ltd\/fr\/wp-json\/wp\/v2\/pages\/4591"}],"wp:attachment":[{"href":"https:\/\/ventures.close.ltd\/fr\/wp-json\/wp\/v2\/media?parent=4599"}],"curies":[{"name":"wp","href":"https:\/\/api.w.org\/{rel}","templated":true}]}}