{"id":4604,"date":"2024-06-25T13:28:16","date_gmt":"2024-06-25T13:28:16","guid":{"rendered":"https:\/\/closeventures.ch\/services\/autres-services-de-fa\/"},"modified":"2024-09-15T10:55:01","modified_gmt":"2024-09-15T10:55:01","slug":"autres-services-de-ma","status":"publish","type":"page","link":"https:\/\/ventures.close.ltd\/fr\/services\/autres-services-de-ma\/","title":{"rendered":"Autres services de M&#038;A"},"content":{"rendered":"\t\t<div data-elementor-type=\"wp-page\" data-elementor-id=\"4604\" class=\"elementor elementor-4604 elementor-1422\" data-elementor-settings=\"{&quot;element_pack_global_tooltip_width&quot;:{&quot;unit&quot;:&quot;px&quot;,&quot;size&quot;:&quot;&quot;,&quot;sizes&quot;:[]},&quot;element_pack_global_tooltip_width_tablet&quot;:{&quot;unit&quot;:&quot;px&quot;,&quot;size&quot;:&quot;&quot;,&quot;sizes&quot;:[]},&quot;element_pack_global_tooltip_width_mobile&quot;:{&quot;unit&quot;:&quot;px&quot;,&quot;size&quot;:&quot;&quot;,&quot;sizes&quot;:[]},&quot;element_pack_global_tooltip_padding&quot;:{&quot;unit&quot;:&quot;px&quot;,&quot;top&quot;:&quot;&quot;,&quot;right&quot;:&quot;&quot;,&quot;bottom&quot;:&quot;&quot;,&quot;left&quot;:&quot;&quot;,&quot;isLinked&quot;:true},&quot;element_pack_global_tooltip_padding_tablet&quot;:{&quot;unit&quot;:&quot;px&quot;,&quot;top&quot;:&quot;&quot;,&quot;right&quot;:&quot;&quot;,&quot;bottom&quot;:&quot;&quot;,&quot;left&quot;:&quot;&quot;,&quot;isLinked&quot;:true},&quot;element_pack_global_tooltip_padding_mobile&quot;:{&quot;unit&quot;:&quot;px&quot;,&quot;top&quot;:&quot;&quot;,&quot;right&quot;:&quot;&quot;,&quot;bottom&quot;:&quot;&quot;,&quot;left&quot;:&quot;&quot;,&quot;isLinked&quot;:true},&quot;element_pack_global_tooltip_border_radius&quot;:{&quot;unit&quot;:&quot;px&quot;,&quot;top&quot;:&quot;&quot;,&quot;right&quot;:&quot;&quot;,&quot;bottom&quot;:&quot;&quot;,&quot;left&quot;:&quot;&quot;,&quot;isLinked&quot;:true},&quot;element_pack_global_tooltip_border_radius_tablet&quot;:{&quot;unit&quot;:&quot;px&quot;,&quot;top&quot;:&quot;&quot;,&quot;right&quot;:&quot;&quot;,&quot;bottom&quot;:&quot;&quot;,&quot;left&quot;:&quot;&quot;,&quot;isLinked&quot;:true},&quot;element_pack_global_tooltip_border_radius_mobile&quot;:{&quot;unit&quot;:&quot;px&quot;,&quot;top&quot;:&quot;&quot;,&quot;right&quot;:&quot;&quot;,&quot;bottom&quot;:&quot;&quot;,&quot;left&quot;:&quot;&quot;,&quot;isLinked&quot;:true}}\">\n\t\t\t\t<div class=\"elementor-element elementor-element-e8bb213 e-con-full e-flex e-con e-parent\" data-id=\"e8bb213\" data-element_type=\"container\" data-e-type=\"container\" data-settings=\"{&quot;background_background&quot;:&quot;classic&quot;}\">\n\t\t<div class=\"elementor-element elementor-element-c2715ce e-con-full e-flex e-con e-child\" data-id=\"c2715ce\" data-element_type=\"container\" data-e-type=\"container\" data-settings=\"{&quot;background_background&quot;:&quot;classic&quot;}\">\n\t\t\t\t<div class=\"elementor-element elementor-element-9763577 elementor-widget__width-initial elementor-widget-tablet__width-initial elementor-widget-mobile__width-initial elementor-absolute elementor-hidden-mobile elementor-invisible elementor-widget elementor-widget-spacer\" data-id=\"9763577\" data-element_type=\"widget\" data-e-type=\"widget\" data-settings=\"{&quot;_position&quot;:&quot;absolute&quot;,&quot;_animation&quot;:&quot;fadeInLeft&quot;}\" data-widget_type=\"spacer.default\">\n\t\t\t\t<div class=\"elementor-widget-container\">\n\t\t\t\t\t\t\t<div class=\"elementor-spacer\">\n\t\t\t<div class=\"elementor-spacer-inner\"><\/div>\n\t\t<\/div>\n\t\t\t\t\t\t<\/div>\n\t\t\t\t<\/div>\n\t\t\t\t<div class=\"elementor-element elementor-element-b3f82fc elementor-widget__width-initial elementor-widget-tablet__width-initial elementor-widget-mobile__width-initial elementor-absolute elementor-hidden-mobile elementor-invisible elementor-widget elementor-widget-spacer\" data-id=\"b3f82fc\" data-element_type=\"widget\" data-e-type=\"widget\" data-settings=\"{&quot;_position&quot;:&quot;absolute&quot;,&quot;_animation&quot;:&quot;fadeInRight&quot;}\" data-widget_type=\"spacer.default\">\n\t\t\t\t<div class=\"elementor-widget-container\">\n\t\t\t\t\t\t\t<div class=\"elementor-spacer\">\n\t\t\t<div class=\"elementor-spacer-inner\"><\/div>\n\t\t<\/div>\n\t\t\t\t\t\t<\/div>\n\t\t\t\t<\/div>\n\t\t\t\t<div class=\"elementor-element elementor-element-c9556bd elementor-widget__width-initial elementor-widget-tablet__width-initial elementor-widget-mobile__width-initial elementor-absolute elementor-hidden-mobile elementor-invisible elementor-widget elementor-widget-spacer\" data-id=\"c9556bd\" data-element_type=\"widget\" data-e-type=\"widget\" data-settings=\"{&quot;_position&quot;:&quot;absolute&quot;,&quot;_animation&quot;:&quot;fadeInRight&quot;}\" data-widget_type=\"spacer.default\">\n\t\t\t\t<div class=\"elementor-widget-container\">\n\t\t\t\t\t\t\t<div class=\"elementor-spacer\">\n\t\t\t<div class=\"elementor-spacer-inner\"><\/div>\n\t\t<\/div>\n\t\t\t\t\t\t<\/div>\n\t\t\t\t<\/div>\n\t\t\t\t<div class=\"elementor-element elementor-element-d6ef075 elementor-widget__width-initial elementor-widget-tablet__width-initial elementor-widget-mobile__width-initial elementor-absolute elementor-hidden-mobile elementor-invisible elementor-widget elementor-widget-spacer\" data-id=\"d6ef075\" data-element_type=\"widget\" data-e-type=\"widget\" data-settings=\"{&quot;_position&quot;:&quot;absolute&quot;,&quot;_animation&quot;:&quot;fadeInLeft&quot;}\" data-widget_type=\"spacer.default\">\n\t\t\t\t<div class=\"elementor-widget-container\">\n\t\t\t\t\t\t\t<div class=\"elementor-spacer\">\n\t\t\t<div class=\"elementor-spacer-inner\"><\/div>\n\t\t<\/div>\n\t\t\t\t\t\t<\/div>\n\t\t\t\t<\/div>\n\t\t\t\t<div class=\"elementor-element elementor-element-b22f4bd elementor-invisible elementor-widget elementor-widget-heading\" data-id=\"b22f4bd\" data-element_type=\"widget\" data-e-type=\"widget\" data-settings=\"{&quot;_animation&quot;:&quot;fadeInDown&quot;}\" data-widget_type=\"heading.default\">\n\t\t\t\t<div class=\"elementor-widget-container\">\n\t\t\t\t\t<h5 class=\"elementor-heading-title elementor-size-default\">Fusions et Acquisitions (M&amp;A)<\/h5>\t\t\t\t<\/div>\n\t\t\t\t<\/div>\n\t\t\t\t<div class=\"elementor-element elementor-element-bb782fc elementor-widget__width-initial elementor-widget-tablet__width-initial elementor-widget-mobile__width-inherit elementor-invisible elementor-widget elementor-widget-heading\" data-id=\"bb782fc\" data-element_type=\"widget\" data-e-type=\"widget\" data-settings=\"{&quot;_animation&quot;:&quot;fadeInDown&quot;,&quot;_animation_delay&quot;:200}\" data-widget_type=\"heading.default\">\n\t\t\t\t<div class=\"elementor-widget-container\">\n\t\t\t\t\t<h2 class=\"elementor-heading-title elementor-size-default\">Partie Acqu\u00e9reuse<\/h2>\t\t\t\t<\/div>\n\t\t\t\t<\/div>\n\t\t\t\t<div class=\"elementor-element elementor-element-1b91151 elementor-widget elementor-widget-spacer\" data-id=\"1b91151\" data-element_type=\"widget\" data-e-type=\"widget\" data-widget_type=\"spacer.default\">\n\t\t\t\t<div class=\"elementor-widget-container\">\n\t\t\t\t\t\t\t<div class=\"elementor-spacer\">\n\t\t\t<div class=\"elementor-spacer-inner\"><\/div>\n\t\t<\/div>\n\t\t\t\t\t\t<\/div>\n\t\t\t\t<\/div>\n\t\t<div class=\"elementor-element elementor-element-48a47d6 e-con-full e-flex elementor-invisible e-con e-child\" data-id=\"48a47d6\" data-element_type=\"container\" data-e-type=\"container\" data-settings=\"{&quot;background_background&quot;:&quot;classic&quot;,&quot;animation&quot;:&quot;fadeInUp&quot;,&quot;animation_delay&quot;:200}\">\n\t\t\t\t<div class=\"elementor-element elementor-element-263d2ef elementor-widget elementor-widget-text-editor\" data-id=\"263d2ef\" data-element_type=\"widget\" data-e-type=\"widget\" data-widget_type=\"text-editor.default\">\n\t\t\t\t<div class=\"elementor-widget-container\">\n\t\t\t\t\t\t\t\t\t<p><span style=\"font-weight: 400;\">Chez CLOSE, nous sommes sp\u00e9cialis\u00e9s dans la fourniture de services complets de Fusions et Acquisitions (M&amp;A) aux entreprises cherchant \u00e0 \u00e9tendre leur pr\u00e9sence sur le march\u00e9 par le biais d&rsquo;acquisitions strat\u00e9giques.<br \/>Notre \u00e9quipe d&rsquo;experts d\u00e9di\u00e9e s&rsquo;engage \u00e0 vous guider \u00e0 chaque \u00e9tape du processus d&rsquo;acquisition, garantissant des transactions fluides et maximisant la valeur. <\/span><\/p>\t\t\t\t\t\t\t\t<\/div>\n\t\t\t\t<\/div>\n\t\t\t\t<div class=\"elementor-element elementor-element-6263ffd elementor-align-center elementor-widget elementor-widget-button\" data-id=\"6263ffd\" data-element_type=\"widget\" data-e-type=\"widget\" data-widget_type=\"button.default\">\n\t\t\t\t<div class=\"elementor-widget-container\">\n\t\t\t\t\t\t\t\t\t<div class=\"elementor-button-wrapper\">\n\t\t\t\t\t<a class=\"elementor-button elementor-button-link elementor-size-sm\" href=\"https:\/\/ventures.close.ltd\/fr\/contact\/\">\n\t\t\t\t\t\t<span class=\"elementor-button-content-wrapper\">\n\t\t\t\t\t\t\t\t\t<span class=\"elementor-button-text\">Contactez-nous<\/span>\n\t\t\t\t\t<\/span>\n\t\t\t\t\t<\/a>\n\t\t\t\t<\/div>\n\t\t\t\t\t\t\t\t<\/div>\n\t\t\t\t<\/div>\n\t\t\t\t<\/div>\n\t\t\t\t<\/div>\n\t\t\t\t<\/div>\n\t\t<div class=\"elementor-element elementor-element-4877805 e-flex e-con-boxed e-con e-parent\" data-id=\"4877805\" data-element_type=\"container\" data-e-type=\"container\" data-settings=\"{&quot;background_background&quot;:&quot;gradient&quot;}\">\n\t\t\t\t\t<div class=\"e-con-inner\">\n\t\t\t\t<div class=\"elementor-element elementor-element-9db17db elementor-invisible elementor-widget elementor-widget-heading\" data-id=\"9db17db\" data-element_type=\"widget\" data-e-type=\"widget\" data-settings=\"{&quot;_animation&quot;:&quot;fadeInUp&quot;}\" data-widget_type=\"heading.default\">\n\t\t\t\t<div class=\"elementor-widget-container\">\n\t\t\t\t\t<h5 class=\"elementor-heading-title elementor-size-default\">Boostez votre croissance<\/h5>\t\t\t\t<\/div>\n\t\t\t\t<\/div>\n\t\t\t\t<div class=\"elementor-element elementor-element-3454154 elementor-invisible elementor-widget elementor-widget-heading\" data-id=\"3454154\" data-element_type=\"widget\" data-e-type=\"widget\" data-settings=\"{&quot;_animation&quot;:&quot;fadeInUp&quot;,&quot;_animation_delay&quot;:200}\" data-widget_type=\"heading.default\">\n\t\t\t\t<div class=\"elementor-widget-container\">\n\t\t\t\t\t<h2 class=\"elementor-heading-title elementor-size-default\">Menu des services en M&amp;A<\/h2>\t\t\t\t<\/div>\n\t\t\t\t<\/div>\n\t\t<div class=\"elementor-element elementor-element-091ac33 e-flex e-con-boxed e-con e-child\" data-id=\"091ac33\" data-element_type=\"container\" data-e-type=\"container\">\n\t\t\t\t\t<div class=\"e-con-inner\">\n\t\t\t\t<div class=\"elementor-element elementor-element-e844008 elementor-position-left elementor-vertical-align-middle elementor-widget__width-initial bdt-icon-type-image elementor-widget-tablet__width-inherit bdt-icon-effect-none elementor-invisible elementor-widget elementor-widget-bdt-advanced-icon-box\" data-id=\"e844008\" data-element_type=\"widget\" data-e-type=\"widget\" data-settings=\"{&quot;_animation&quot;:&quot;fadeInLeft&quot;}\" data-widget_type=\"bdt-advanced-icon-box.default\">\n\t\t\t\t<div class=\"elementor-widget-container\">\n\t\t\t\t\t\t\t<div class=\"bdt-ep-advanced-icon-box\">\n\n\t\t\t\t\t\t\t\n\t\t\t\t\t<div class=\"bdt-ep-advanced-icon-box-icon\">\n\t\t\t\t<span class=\"bdt-ep-advanced-icon-box-icon-wrap\">\n\n\n\t\t\t\t\t<img fetchpriority=\"high\" decoding=\"async\" width=\"512\" height=\"512\" src=\"https:\/\/ventures.close.ltd\/wp-content\/uploads\/sites\/2\/2024\/07\/buildings.svg\" class=\"attachment-full size-full\" alt=\"Identification des entreprises cibles potentielles\" srcset=\"https:\/\/ventures.close.ltd\/wp-content\/uploads\/sites\/2\/\/2024\/07\/buildings.svg 150w, https:\/\/ventures.close.ltd\/wp-content\/uploads\/sites\/2\/\/2024\/07\/buildings.svg 300w, https:\/\/ventures.close.ltd\/wp-content\/uploads\/sites\/2\/\/2024\/07\/buildings.svg 1024w, https:\/\/ventures.close.ltd\/wp-content\/uploads\/sites\/2\/\/2024\/07\/buildings.svg 512w\" sizes=\"(max-width: 512px) 100vw, 512px\" title=\"\">\t\t\t\t<\/span>\n\t\t\t<\/div>\n\t\t\n\t\t\t\t\n\t\t\t<div class=\"bdt-ep-advanced-icon-box-content\">\n\n\t\t\t\t\t\t\t\t\t\n\t\t\t\t\t<h4 class=\"bdt-ep-advanced-icon-box-title ep-title-\">\n\t\t\t\t<span >\n\t\t\t\t\tIdentification des entreprises cibles potentielles\t\t\t\t<\/span>\n\t\t\t<\/h4>\n\t\t\n\n\t\t\n\t\t\t\t\t\n\t\t\t\t\n\t\t\t\t\t\t\t\t\t<div class=\"bdt-ep-advanced-icon-box-description\">\n\t\t\t\t\t\t<p>Nous aidons \u00e0 identifier les cibles d&rsquo;acquisition qui s&rsquo;alignent avec vos objectifs commerciaux et vos strat\u00e9gies de croissance.\nNos services de conseil garantissent que vous prenez des d\u00e9cisions \u00e9clair\u00e9es bas\u00e9es sur une analyse approfondie du march\u00e9 et des perspectives de l&rsquo;industrie. <\/p>\t\t\t\t\t<\/div>\n\t\t\t\t\n\t\t\t\t\t\t\t<\/div>\n\t\t<\/div>\n\n\t\t\n\t\t\n\t\t\t\t<\/div>\n\t\t\t\t<\/div>\n\t\t\t\t<div class=\"elementor-element elementor-element-a7755af elementor-position-left elementor-vertical-align-middle elementor-widget__width-initial bdt-icon-type-image elementor-widget-tablet__width-inherit bdt-icon-effect-none elementor-invisible elementor-widget elementor-widget-bdt-advanced-icon-box\" data-id=\"a7755af\" data-element_type=\"widget\" data-e-type=\"widget\" data-settings=\"{&quot;_animation&quot;:&quot;fadeInRight&quot;}\" data-widget_type=\"bdt-advanced-icon-box.default\">\n\t\t\t\t<div class=\"elementor-widget-container\">\n\t\t\t\t\t\t\t<div class=\"bdt-ep-advanced-icon-box\">\n\n\t\t\t\t\t\t\t\n\t\t\t\t\t<div class=\"bdt-ep-advanced-icon-box-icon\">\n\t\t\t\t<span class=\"bdt-ep-advanced-icon-box-icon-wrap\">\n\n\n\t\t\t\t\t<img decoding=\"async\" width=\"512\" height=\"512\" src=\"https:\/\/ventures.close.ltd\/wp-content\/uploads\/sites\/2\/2024\/07\/valuation.svg\" class=\"attachment-full size-full\" alt=\"\u00c9valuation\" srcset=\"https:\/\/ventures.close.ltd\/wp-content\/uploads\/sites\/2\/\/2024\/07\/valuation.svg 150w, https:\/\/ventures.close.ltd\/wp-content\/uploads\/sites\/2\/\/2024\/07\/valuation.svg 300w, https:\/\/ventures.close.ltd\/wp-content\/uploads\/sites\/2\/\/2024\/07\/valuation.svg 1024w, https:\/\/ventures.close.ltd\/wp-content\/uploads\/sites\/2\/\/2024\/07\/valuation.svg 512w\" sizes=\"(max-width: 512px) 100vw, 512px\" title=\"\">\t\t\t\t<\/span>\n\t\t\t<\/div>\n\t\t\n\t\t\t\t\n\t\t\t<div class=\"bdt-ep-advanced-icon-box-content\">\n\n\t\t\t\t\t\t\t\t\t\n\t\t\t\t\t<h4 class=\"bdt-ep-advanced-icon-box-title ep-title-\">\n\t\t\t\t<span >\n\t\t\t\t\t\u00c9valuation\t\t\t\t<\/span>\n\t\t\t<\/h4>\n\t\t\n\n\t\t\n\t\t\t\t\t\n\t\t\t\t\n\t\t\t\t\t\t\t\t\t<div class=\"bdt-ep-advanced-icon-box-description\">\n\t\t\t\t\t\t<p>Nous r\u00e9alisons des \u00e9valuations pr\u00e9cises pour d\u00e9terminer la juste valeur marchande de l&rsquo;entreprise cible.\nNos mod\u00e8les vous aident \u00e0 comprendre l&rsquo;impact financier de l&rsquo;acquisition et \u00e0 prendre des d\u00e9cisions bas\u00e9es sur des donn\u00e9es. <\/p>\t\t\t\t\t<\/div>\n\t\t\t\t\n\t\t\t\t\t\t\t<\/div>\n\t\t<\/div>\n\n\t\t\n\t\t\n\t\t\t\t<\/div>\n\t\t\t\t<\/div>\n\t\t\t\t<div class=\"elementor-element elementor-element-5e333a2 elementor-position-left elementor-vertical-align-middle elementor-widget__width-initial bdt-icon-type-image elementor-widget-tablet__width-inherit bdt-icon-effect-none elementor-invisible elementor-widget elementor-widget-bdt-advanced-icon-box\" data-id=\"5e333a2\" data-element_type=\"widget\" data-e-type=\"widget\" data-settings=\"{&quot;_animation&quot;:&quot;fadeInLeft&quot;,&quot;_animation_delay&quot;:200}\" data-widget_type=\"bdt-advanced-icon-box.default\">\n\t\t\t\t<div class=\"elementor-widget-container\">\n\t\t\t\t\t\t\t<div class=\"bdt-ep-advanced-icon-box\">\n\n\t\t\t\t\t\t\t\n\t\t\t\t\t<div class=\"bdt-ep-advanced-icon-box-icon\">\n\t\t\t\t<span class=\"bdt-ep-advanced-icon-box-icon-wrap\">\n\n\n\t\t\t\t\t<img decoding=\"async\" width=\"512\" height=\"512\" src=\"https:\/\/ventures.close.ltd\/wp-content\/uploads\/sites\/2\/2024\/07\/search.svg\" class=\"attachment-full size-full\" alt=\"Diligence Raisonnable\" srcset=\"https:\/\/ventures.close.ltd\/wp-content\/uploads\/sites\/2\/\/2024\/07\/search.svg 150w, https:\/\/ventures.close.ltd\/wp-content\/uploads\/sites\/2\/\/2024\/07\/search.svg 300w, https:\/\/ventures.close.ltd\/wp-content\/uploads\/sites\/2\/\/2024\/07\/search.svg 1024w, https:\/\/ventures.close.ltd\/wp-content\/uploads\/sites\/2\/\/2024\/07\/search.svg 512w\" sizes=\"(max-width: 512px) 100vw, 512px\" title=\"\">\t\t\t\t<\/span>\n\t\t\t<\/div>\n\t\t\n\t\t\t\t\n\t\t\t<div class=\"bdt-ep-advanced-icon-box-content\">\n\n\t\t\t\t\t\t\t\t\t\n\t\t\t\t\t<h4 class=\"bdt-ep-advanced-icon-box-title ep-title-\">\n\t\t\t\t<span >\n\t\t\t\t\tDiligence Raisonnable\t\t\t\t<\/span>\n\t\t\t<\/h4>\n\t\t\n\n\t\t\n\t\t\t\t\t\n\t\t\t\t\n\t\t\t\t\t\t\t\t\t<div class=\"bdt-ep-advanced-icon-box-description\">\n\t\t\t\t\t\t<p><span style=\"font-weight: 400;\">Notre processus de diligence raisonnable m\u00e9ticuleux implique une \u00e9valuation compl\u00e8te des finances, des op\u00e9rations et de la situation juridique de l&rsquo;entreprise cible.\nNous vous aidons \u00e0 d\u00e9couvrir les risques et opportunit\u00e9s potentiels, fournissant une image claire de la v\u00e9ritable valeur de la cible. <\/span><\/p>\t\t\t\t\t<\/div>\n\t\t\t\t\n\t\t\t\t\t\t\t<\/div>\n\t\t<\/div>\n\n\t\t\n\t\t\n\t\t\t\t<\/div>\n\t\t\t\t<\/div>\n\t\t\t\t<div class=\"elementor-element elementor-element-6899471 elementor-position-left elementor-vertical-align-middle elementor-widget__width-initial bdt-icon-type-image elementor-widget-tablet__width-inherit bdt-icon-effect-none elementor-invisible elementor-widget elementor-widget-bdt-advanced-icon-box\" data-id=\"6899471\" data-element_type=\"widget\" data-e-type=\"widget\" data-settings=\"{&quot;_animation&quot;:&quot;fadeInRight&quot;,&quot;_animation_delay&quot;:200}\" data-widget_type=\"bdt-advanced-icon-box.default\">\n\t\t\t\t<div class=\"elementor-widget-container\">\n\t\t\t\t\t\t\t<div class=\"bdt-ep-advanced-icon-box\">\n\n\t\t\t\t\t\t\t\n\t\t\t\t\t<div class=\"bdt-ep-advanced-icon-box-icon\">\n\t\t\t\t<span class=\"bdt-ep-advanced-icon-box-icon-wrap\">\n\n\n\t\t\t\t\t<img loading=\"lazy\" decoding=\"async\" width=\"512\" height=\"512\" src=\"https:\/\/ventures.close.ltd\/wp-content\/uploads\/sites\/2\/2024\/07\/agreement.svg\" class=\"attachment-full size-full\" alt=\"N\u00e9gociation et Structuration de l&#039;Affaire\" srcset=\"https:\/\/ventures.close.ltd\/wp-content\/uploads\/sites\/2\/\/2024\/07\/agreement.svg 150w, https:\/\/ventures.close.ltd\/wp-content\/uploads\/sites\/2\/\/2024\/07\/agreement.svg 300w, https:\/\/ventures.close.ltd\/wp-content\/uploads\/sites\/2\/\/2024\/07\/agreement.svg 1024w, https:\/\/ventures.close.ltd\/wp-content\/uploads\/sites\/2\/\/2024\/07\/agreement.svg 512w\" sizes=\"(max-width: 512px) 100vw, 512px\" title=\"\">\t\t\t\t<\/span>\n\t\t\t<\/div>\n\t\t\n\t\t\t\t\n\t\t\t<div class=\"bdt-ep-advanced-icon-box-content\">\n\n\t\t\t\t\t\t\t\t\t\n\t\t\t\t\t<h4 class=\"bdt-ep-advanced-icon-box-title ep-title-\">\n\t\t\t\t<span >\n\t\t\t\t\tN\u00e9gociation et Structuration de l'Affaire\t\t\t\t<\/span>\n\t\t\t<\/h4>\n\t\t\n\n\t\t\n\t\t\t\t\t\n\t\t\t\t\n\t\t\t\t\t\t\t\t\t<div class=\"bdt-ep-advanced-icon-box-description\">\n\t\t\t\t\t\t<p><span style=\"font-weight: 400;\">Nos n\u00e9gociateurs exp\u00e9riment\u00e9s travaillent sans rel\u00e2che pour obtenir des conditions favorables pour votre acquisition.\nNous aidons \u00e0 structurer des affaires qui optimisent les r\u00e9sultats financiers et s&rsquo;alignent avec vos objectifs strat\u00e9giques. <\/span><\/p>\t\t\t\t\t<\/div>\n\t\t\t\t\n\t\t\t\t\t\t\t<\/div>\n\t\t<\/div>\n\n\t\t\n\t\t\n\t\t\t\t<\/div>\n\t\t\t\t<\/div>\n\t\t\t\t<div class=\"elementor-element elementor-element-b3df3b3 elementor-position-left elementor-vertical-align-middle elementor-widget__width-initial bdt-icon-type-image elementor-widget-tablet__width-inherit bdt-icon-effect-none elementor-invisible elementor-widget elementor-widget-bdt-advanced-icon-box\" data-id=\"b3df3b3\" data-element_type=\"widget\" data-e-type=\"widget\" data-settings=\"{&quot;_animation&quot;:&quot;fadeInLeft&quot;,&quot;_animation_delay&quot;:400}\" data-widget_type=\"bdt-advanced-icon-box.default\">\n\t\t\t\t<div class=\"elementor-widget-container\">\n\t\t\t\t\t\t\t<div class=\"bdt-ep-advanced-icon-box\">\n\n\t\t\t\t\t\t\t\n\t\t\t\t\t<div class=\"bdt-ep-advanced-icon-box-icon\">\n\t\t\t\t<span class=\"bdt-ep-advanced-icon-box-icon-wrap\">\n\n\n\t\t\t\t\t<img loading=\"lazy\" decoding=\"async\" width=\"512\" height=\"512\" src=\"https:\/\/ventures.close.ltd\/wp-content\/uploads\/sites\/2\/2024\/07\/planning.svg\" class=\"attachment-full size-full\" alt=\"Planification de l&#039;Int\u00e9gration\" srcset=\"https:\/\/ventures.close.ltd\/wp-content\/uploads\/sites\/2\/\/2024\/07\/planning.svg 150w, https:\/\/ventures.close.ltd\/wp-content\/uploads\/sites\/2\/\/2024\/07\/planning.svg 300w, https:\/\/ventures.close.ltd\/wp-content\/uploads\/sites\/2\/\/2024\/07\/planning.svg 1024w, https:\/\/ventures.close.ltd\/wp-content\/uploads\/sites\/2\/\/2024\/07\/planning.svg 512w\" sizes=\"(max-width: 512px) 100vw, 512px\" title=\"\">\t\t\t\t<\/span>\n\t\t\t<\/div>\n\t\t\n\t\t\t\t\n\t\t\t<div class=\"bdt-ep-advanced-icon-box-content\">\n\n\t\t\t\t\t\t\t\t\t\n\t\t\t\t\t<h4 class=\"bdt-ep-advanced-icon-box-title ep-title-\">\n\t\t\t\t<span >\n\t\t\t\t\tPlanification de l'Int\u00e9gration\t\t\t\t<\/span>\n\t\t\t<\/h4>\n\t\t\n\n\t\t\n\t\t\t\t\t\n\t\t\t\t\n\t\t\t\t\t\t\t\t\t<div class=\"bdt-ep-advanced-icon-box-description\">\n\t\t\t\t\t\t<p><span style=\"font-weight: 400;\">L&rsquo;int\u00e9gration post-acquisition est cruciale pour r\u00e9aliser tout le potentiel de l&rsquo;affaire.\nNous vous aidons \u00e0 d\u00e9velopper et ex\u00e9cuter des plans d&rsquo;int\u00e9gration qui assurent une transition en douceur, minimisant les perturbations et maximisant les synergies. <\/span><\/p>\t\t\t\t\t<\/div>\n\t\t\t\t\n\t\t\t\t\t\t\t<\/div>\n\t\t<\/div>\n\n\t\t\n\t\t\n\t\t\t\t<\/div>\n\t\t\t\t<\/div>\n\t\t\t\t<div class=\"elementor-element elementor-element-d867f0b elementor-position-left elementor-vertical-align-middle elementor-widget__width-initial bdt-icon-type-image elementor-widget-tablet__width-inherit bdt-icon-effect-none elementor-invisible elementor-widget elementor-widget-bdt-advanced-icon-box\" data-id=\"d867f0b\" data-element_type=\"widget\" data-e-type=\"widget\" data-settings=\"{&quot;_animation&quot;:&quot;fadeInRight&quot;,&quot;_animation_delay&quot;:400}\" data-widget_type=\"bdt-advanced-icon-box.default\">\n\t\t\t\t<div class=\"elementor-widget-container\">\n\t\t\t\t\t\t\t<div class=\"bdt-ep-advanced-icon-box\">\n\n\t\t\t\t\t\t\t\n\t\t\t\t\t<div class=\"bdt-ep-advanced-icon-box-icon\">\n\t\t\t\t<span class=\"bdt-ep-advanced-icon-box-icon-wrap\">\n\n\n\t\t\t\t\t<img loading=\"lazy\" decoding=\"async\" width=\"512\" height=\"512\" src=\"https:\/\/ventures.close.ltd\/wp-content\/uploads\/sites\/2\/2024\/07\/legal-document.svg\" class=\"attachment-full size-full\" alt=\"Conformit\u00e9 R\u00e9glementaire\" srcset=\"https:\/\/ventures.close.ltd\/wp-content\/uploads\/sites\/2\/\/2024\/07\/legal-document.svg 150w, https:\/\/ventures.close.ltd\/wp-content\/uploads\/sites\/2\/\/2024\/07\/legal-document.svg 300w, https:\/\/ventures.close.ltd\/wp-content\/uploads\/sites\/2\/\/2024\/07\/legal-document.svg 1024w, https:\/\/ventures.close.ltd\/wp-content\/uploads\/sites\/2\/\/2024\/07\/legal-document.svg 512w\" sizes=\"(max-width: 512px) 100vw, 512px\" title=\"\">\t\t\t\t<\/span>\n\t\t\t<\/div>\n\t\t\n\t\t\t\t\n\t\t\t<div class=\"bdt-ep-advanced-icon-box-content\">\n\n\t\t\t\t\t\t\t\t\t\n\t\t\t\t\t<h4 class=\"bdt-ep-advanced-icon-box-title ep-title-\">\n\t\t\t\t<span >\n\t\t\t\t\tConformit\u00e9 R\u00e9glementaire\t\t\t\t<\/span>\n\t\t\t<\/h4>\n\t\t\n\n\t\t\n\t\t\t\t\t\n\t\t\t\t\n\t\t\t\t\t\t\t\t\t<div class=\"bdt-ep-advanced-icon-box-description\">\n\t\t\t\t\t\t<p><span style=\"font-weight: 400;\">Naviguer dans le paysage r\u00e9glementaire peut \u00eatre complexe.\nNous veillons \u00e0 ce que tous les aspects de l&rsquo;acquisition soient conformes aux lois et r\u00e9glementations pertinentes, r\u00e9duisant les risques juridiques et facilitant une transaction sans heurts. <\/span><\/p>\t\t\t\t\t<\/div>\n\t\t\t\t\n\t\t\t\t\t\t\t<\/div>\n\t\t<\/div>\n\n\t\t\n\t\t\n\t\t\t\t<\/div>\n\t\t\t\t<\/div>\n\t\t\t\t\t<\/div>\n\t\t\t\t<\/div>\n\t\t\t\t\t<\/div>\n\t\t\t\t<\/div>\n\t\t\t\t<\/div>\n\t\t","protected":false},"excerpt":{"rendered":"<p>Fusions et Acquisitions (M&#038;A) Partie Acqu\u00e9reuse Chez CLOSE, nous sommes sp\u00e9cialis\u00e9s dans la fourniture de services complets de Fusions et Acquisitions (M&amp;A) [&hellip;]<\/p>\n","protected":false},"author":2,"featured_media":0,"parent":4591,"menu_order":0,"comment_status":"closed","ping_status":"closed","template":"","meta":{"footnotes":""},"class_list":["post-4604","page","type-page","status-publish","hentry"],"_links":{"self":[{"href":"https:\/\/ventures.close.ltd\/fr\/wp-json\/wp\/v2\/pages\/4604","targetHints":{"allow":["GET"]}}],"collection":[{"href":"https:\/\/ventures.close.ltd\/fr\/wp-json\/wp\/v2\/pages"}],"about":[{"href":"https:\/\/ventures.close.ltd\/fr\/wp-json\/wp\/v2\/types\/page"}],"author":[{"embeddable":true,"href":"https:\/\/ventures.close.ltd\/fr\/wp-json\/wp\/v2\/users\/2"}],"replies":[{"embeddable":true,"href":"https:\/\/ventures.close.ltd\/fr\/wp-json\/wp\/v2\/comments?post=4604"}],"version-history":[{"count":8,"href":"https:\/\/ventures.close.ltd\/fr\/wp-json\/wp\/v2\/pages\/4604\/revisions"}],"predecessor-version":[{"id":4877,"href":"https:\/\/ventures.close.ltd\/fr\/wp-json\/wp\/v2\/pages\/4604\/revisions\/4877"}],"up":[{"embeddable":true,"href":"https:\/\/ventures.close.ltd\/fr\/wp-json\/wp\/v2\/pages\/4591"}],"wp:attachment":[{"href":"https:\/\/ventures.close.ltd\/fr\/wp-json\/wp\/v2\/media?parent=4604"}],"curies":[{"name":"wp","href":"https:\/\/api.w.org\/{rel}","templated":true}]}}